{"id":311,"date":"2022-10-20T07:28:32","date_gmt":"2022-10-20T07:28:32","guid":{"rendered":"http:\/\/newswawe.weplayagency.com\/?page_id=311"},"modified":"2023-03-14T14:57:10","modified_gmt":"2023-03-14T14:57:10","slug":"mentions-legales","status":"publish","type":"page","link":"https:\/\/swawe.fr\/en\/mentions-legales\/","title":{"rendered":"Legal information"},"content":{"rendered":"<p>[et_pb_section fb_built=\u00a0\u00bb1&Prime; _builder_version=\u00a0\u00bb4.18.0&Prime; _module_preset=\u00a0\u00bbdefault\u00a0\u00bb global_colors_info=\u00a0\u00bb{}\u00a0\u00bb][et_pb_row _builder_version=\u00a0\u00bb4.18.0&Prime; _module_preset=\u00a0\u00bbdefault\u00a0\u00bb global_colors_info=\u00a0\u00bb{}\u00a0\u00bb][et_pb_column type=\u00a0\u00bb4_4&Prime; _builder_version=\u00a0\u00bb4.18.0&Prime; _module_preset=\u00a0\u00bbdefault\u00a0\u00bb global_colors_info=\u00a0\u00bb{}\u00a0\u00bb][et_pb_text _builder_version=\u00a0\u00bb4.18.0&Prime; _module_preset=\u00a0\u00bbdefault\u00a0\u00bb global_colors_info=\u00a0\u00bb{}\u00a0\u00bb]<\/p>\n<h1>Mentions l\u00e9gales du site swawe.fr<\/h1>\n<p>Bienvenue sur le site web <a href=\"https:\/\/swawe.fr\/\">https:\/\/swawe.fr\/<\/a> (ci-apr\u00e8s d\u00e9sign\u00e9 le Site). En utilisant ce Site, vous reconnaissez avoir pris connaissance des pr\u00e9sentes mentions l\u00e9gales et vous vous engagez \u00e0 la respecter. Cette notice l\u00e9gale a notamment pour objet de vous informer de l\u2019existence de droits de propri\u00e9t\u00e9 intellectuelle devant \u00eatre respect\u00e9s, ainsi que des modalit\u00e9s de collecte et de traitement des informations vous concernant dans le cadre de la mise en \u0153uvre du Site. Le contenu de la pr\u00e9sente notice peut \u00eatre amen\u00e9 \u00e0 changer, nous vous invitons par cons\u00e9quent \u00e0 la consulter tr\u00e8s r\u00e9guli\u00e8rement.<\/p>\n<h2>Informations d\u2019ordre l\u00e9gal<\/h2>\n<p>Le pr\u00e9sent site est la propri\u00e9t\u00e9 de SWAWE LABS :<\/p>\n<p>S.A.S au capital de 10 000 EUR<br \/>Immatricul\u00e9e au RCS de Versailles, sous le num\u00e9ro unique d\u2019identification 878 981 059<br \/>Si\u00e8ge Social : 4 impasse des Gendarmes \/ 8 avenue de Paris, 78000 Versailles<br \/>Code APE (NAF) : 5829C<br \/>TVA intracommunautaire : FR32878981059<br \/>Repr\u00e9sentants l\u00e9gaux : MM. Emmanuel ANTIGNAC, Gr\u00e9gory BIASOTTO, Christophe BIZOT, Morad TAMERNI et Geoffrey SANCHEZ<br \/>T\u00e9l\u00e9phone : +33 6 66 63 03 02<br \/>Courriel : contact@swawe.fr<\/p>\n<p>Directeur de la publication : Christophe BIZOT<\/p>\n<p>&nbsp;<\/p>\n<p>Ci-apr\u00e8s \u00ab l&rsquo;H\u00e9bergeur \u00bb.<\/p>\n<p>Le pr\u00e9sent site est h\u00e9berg\u00e9 par OVHCloud :<br \/>Si\u00e8ge social : 2 rue Kellermann, 59100 Roubaix<br \/>RCS de Lille M\u00e9tropole sous le num\u00e9ro 537 407 926<\/p>\n<p>&nbsp;<\/p>\n<p>Ci-apr\u00e8s \u00ab le Concepteur \u00bb.<\/p>\n<p>Le pr\u00e9sent site est con\u00e7u par Route2Business :<br \/>Si\u00e8ge social : 574 Chemin de Wette Fays, 69300 Caluire-et-Cuire<br \/>RCS de Lyon B sous le num\u00e9ro 511 209 181<br \/>T\u00e9l\u00e9phone : 04 78 72 52 64<\/p>\n<p>&nbsp;<\/p>\n<p>Information d\u2019ordre technique<br \/>En tant qu\u2019utilisateur du Site vous reconnaissez disposer de la comp\u00e9tence et des moyens n\u00e9cessaires pour acc\u00e9der et utiliser ce Site. Vous reconnaissez avoir v\u00e9rifi\u00e9 que la configuration informatique utilis\u00e9e du Site ne contient aucun virus et qu\u2019elle est en parfait \u00e9tat de fonctionnement. Vous reconnaissez avoir \u00e9t\u00e9 inform\u00e9 que le Site est accessible 24h\/24h et 7 jours\/7 jours, \u00e0 exception des cas de force majeure, difficult\u00e9s informatiques, difficult\u00e9s li\u00e9es \u00e0 la structure des r\u00e9seaux de t\u00e9l\u00e9communications ou autres difficult\u00e9s techniques. Pour des raisons de maintenance, SWAWE LABS pourra interrompre son Site. Elle s\u2019efforcera d\u2019en avertir pr\u00e9alablement les utilisateurs.<\/p>\n<h2>Mise en garde<\/h2>\n<p>Il est difficile de garantir \u00e0 100% la s\u00e9curit\u00e9 des donn\u00e9es transmises sur Internet. Bien que SWAWE LABS mette tout en \u0153uvre pour prot\u00e9ger les informations en ligne sur le Site ou transmises par le biais du Site \u00e0 SWAWE LABS, elle ne peut assurer ni garantir que ces informations sont totalement s\u00e9curis\u00e9es.<\/p>\n<h2>Contenu du site<\/h2>\n<p>Les informations fournies le sont \u00e0 titre indicatif. L\u2019exactitude, l\u2019exhaustivit\u00e9, l\u2019actualit\u00e9 des informations diffus\u00e9es sur son Site ne sauraient \u00eatre garanties. En cons\u00e9quence, vous reconnaissez utiliser ces informations sous votre responsabilit\u00e9 exclusive. Tout est mis en \u0153uvre pour vous offrir des informations et\/ou outils disponibles et v\u00e9rifi\u00e9s, mais SWAWE LABS ne saurait \u00eatre tenue pour responsable des erreurs, d\u2019une absence de disponibilit\u00e9 des informations et\/ou de la pr\u00e9sence de virus sur son Site.<\/p>\n<h2>Vos obligations en tant que visiteur<\/h2>\n<p>Respect d\u2019autrui<br \/>En tant qu\u2019utilisateur du site web <a href=\"https:\/\/swawe.fr\/\">https:\/\/swawe.fr\/<\/a><\/p>\n<p>&nbsp;<\/p>\n<p>vous \u00eates tenus de respecter les l\u00e9gislations applicables, et notamment les dispositions de la loi relative \u00e0 l\u2019informatique, aux fichiers et aux libert\u00e9s, dont la violation est passible de sanctions p\u00e9nales. Vous devez notamment vous abstenir de toute collecte, de toute utilisation d\u00e9tourn\u00e9e, notamment des informations nominatives auxquelles vous acc\u00e9dez, et d\u2019une mani\u00e8re g\u00e9n\u00e9rale, de tout acte susceptible de porter atteinte \u00e0 la vie priv\u00e9e, \u00e0 l\u2019honneur, \u00e0 la sensibilit\u00e9, \u00e0 l\u2019image de marque, \u00e0 la notori\u00e9t\u00e9 de toute personne, physique ou morale, et notamment de SWAWE LABS, en \u00e9vitant toute mention, message ou texte diffamant, provocant, malveillant, d\u00e9nigrant ou mena\u00e7ant sur quelque support que ce soit<\/p>\n<h2>Respect des droits de propri\u00e9t\u00e9 intellectuelle<\/h2>\n<p>La structure g\u00e9n\u00e9rale, ainsi que les logiciels, textes, bases de donn\u00e9es, images anim\u00e9es ou non, sons, savoir-faire, et tous les autres \u00e9l\u00e9ments composant le site web <a href=\"https:\/\/swawe.fr\/\">https:\/\/swawe.fr\/<\/a> sont la propri\u00e9t\u00e9 exclusive de SWAWE LABS ou de ses partenaires. Toute repr\u00e9sentation totale ou partielle de ce site par quelque proc\u00e9d\u00e9 que ce soit, sans l\u2019autorisation expresse de SWAWE LABS est interdite et constituerait une contrefa\u00e7on sanctionn\u00e9e, notamment de fa\u00e7on p\u00e9nale, par les articles L. 335-2 et suivants du Code de la propri\u00e9t\u00e9 intellectuelle. De m\u00eame les marques et autres signes distinctifs tels que logos figurant sur le site sont la propri\u00e9t\u00e9 de SWAWE LABS ou de ses partenaires et toute utilisation par des tiers non autoris\u00e9s en est strictement interdite. Toute reproduction totale ou partielle de ces marques ou logos sans l\u2019autorisation expresse de SWAWE LABS est donc prohib\u00e9e, quel que soit le cadre et le support utilis\u00e9s pour cette utilisation, et passible de sanctions, notamment p\u00e9nales, comme pr\u00e9vu par les articles L. 716-1 et suivants du Code de la propri\u00e9t\u00e9 intellectuelle.<\/p>\n<h2>Liens hypertextes<\/h2>\n<p>Les liens hypertextes mis en place dans le cadre du site web en direction d\u2019autres ressources pr\u00e9sentes sur le r\u00e9seau internet, et notamment vers les partenaires de SWAWE LABS, ont fait l\u2019objet d\u2019une autorisation pr\u00e9alablement, expresse et \u00e9crite. Les utilisateurs et visiteurs du site web ne peuvent pas mettre en place un hyperlien en direction du site web https:\/\/swawe.fr\/ sans l\u2019autorisation \u00e9crite, expresse et pr\u00e9alable de SWAWE LABS.<\/p>\n<h2>Droits applicable et attribution de juridiction<\/h2>\n<p>Les pr\u00e9sentes mentions l\u00e9gales du site <a href=\"https:\/\/swawe.fr\/\">https:\/\/swawe.fr\/<\/a> \u00e9dit\u00e9es par la soci\u00e9t\u00e9 SWAWE LABS (propri\u00e9taire) sont r\u00e9gies par la loi et la langue fran\u00e7aise.<\/p>\n<p>En tant qu\u2019utilisateur du site <a href=\"https:\/\/swawe.fr\/\">https:\/\/swawe.fr\/<\/a>, vous acceptez que tout litige \u00e0 l\u2019interpr\u00e9tation, l\u2019ex\u00e9cution des pr\u00e9sentes mentions l\u00e9gales et\/ou grief li\u00e9 au fonctionnement de ce site soient r\u00e9gl\u00e9s devant la juridiction aux tribunaux comp\u00e9tents du ressort de la Cour d\u2019Appel de Versailles.<\/p>\n<p>SWAWE LABS vous souhaite une excellente navigation.<\/p>\n<p>[\/et_pb_text][\/et_pb_column][\/et_pb_row][\/et_pb_section]<\/p>\n","protected":false},"excerpt":{"rendered":"<p>Mentions l\u00e9gales du site swawe.fr Bienvenue sur le site web https:\/\/swawe.fr\/ (ci-apr\u00e8s d\u00e9sign\u00e9 le Site). En utilisant ce Site, vous reconnaissez avoir pris connaissance des pr\u00e9sentes mentions l\u00e9gales et vous vous engagez \u00e0 la respecter. Cette notice l\u00e9gale a notamment pour objet de vous informer de l\u2019existence de droits de propri\u00e9t\u00e9 intellectuelle devant \u00eatre respect\u00e9s, [&hellip;]<\/p>\n","protected":false},"author":5,"featured_media":0,"parent":0,"menu_order":0,"comment_status":"closed","ping_status":"closed","template":"","meta":{"_et_pb_use_builder":"on","_et_pb_old_content":"<!-- wp:divi\/placeholder \/-->","_et_gb_content_width":"","footnotes":""},"class_list":["post-311","page","type-page","status-publish","hentry"],"yoast_head":"<!-- This site is optimized with the Yoast SEO plugin v27.1.1 - https:\/\/yoast.com\/product\/yoast-seo-wordpress\/ -->\n<title>Mentions l\u00e9gales - Swawe<\/title>\n<meta name=\"robots\" content=\"index, follow, max-snippet:-1, max-image-preview:large, max-video-preview:-1\" \/>\n<link rel=\"canonical\" href=\"https:\/\/swawe.fr\/en\/mentions-legales\/\" \/>\n<meta property=\"og:locale\" content=\"en_US\" \/>\n<meta property=\"og:type\" content=\"article\" \/>\n<meta property=\"og:title\" content=\"Mentions l\u00e9gales - Swawe\" \/>\n<meta property=\"og:description\" content=\"Mentions l\u00e9gales du site swawe.fr Bienvenue sur le site web https:\/\/swawe.fr\/ (ci-apr\u00e8s d\u00e9sign\u00e9 le Site). En utilisant ce Site, vous reconnaissez avoir pris connaissance des pr\u00e9sentes mentions l\u00e9gales et vous vous engagez \u00e0 la respecter. Cette notice l\u00e9gale a notamment pour objet de vous informer de l\u2019existence de droits de propri\u00e9t\u00e9 intellectuelle devant \u00eatre respect\u00e9s, [&hellip;]\" \/>\n<meta property=\"og:url\" content=\"https:\/\/swawe.fr\/en\/mentions-legales\/\" \/>\n<meta property=\"og:site_name\" content=\"Swawe\" \/>\n<meta property=\"article:modified_time\" content=\"2023-03-14T14:57:10+00:00\" \/>\n<meta name=\"twitter:card\" content=\"summary_large_image\" \/>\n<meta name=\"twitter:label1\" content=\"Est. reading time\" \/>\n\t<meta name=\"twitter:data1\" content=\"5 minutes\" \/>\n<script type=\"application\/ld+json\" class=\"yoast-schema-graph\">{\"@context\":\"https:\/\/schema.org\",\"@graph\":[{\"@type\":\"WebPage\",\"@id\":\"https:\/\/swawe.fr\/mentions-legales\/\",\"url\":\"https:\/\/swawe.fr\/mentions-legales\/\",\"name\":\"Mentions l\u00e9gales - Swawe\",\"isPartOf\":{\"@id\":\"https:\/\/swawe.fr\/#website\"},\"datePublished\":\"2022-10-20T07:28:32+00:00\",\"dateModified\":\"2023-03-14T14:57:10+00:00\",\"breadcrumb\":{\"@id\":\"https:\/\/swawe.fr\/mentions-legales\/#breadcrumb\"},\"inLanguage\":\"en-US\",\"potentialAction\":[{\"@type\":\"ReadAction\",\"target\":[\"https:\/\/swawe.fr\/mentions-legales\/\"]}]},{\"@type\":\"BreadcrumbList\",\"@id\":\"https:\/\/swawe.fr\/mentions-legales\/#breadcrumb\",\"itemListElement\":[{\"@type\":\"ListItem\",\"position\":1,\"name\":\"Accueil\",\"item\":\"https:\/\/swawe.fr\/\"},{\"@type\":\"ListItem\",\"position\":2,\"name\":\"Mentions l\u00e9gales\"}]},{\"@type\":\"WebSite\",\"@id\":\"https:\/\/swawe.fr\/#website\",\"url\":\"https:\/\/swawe.fr\/\",\"name\":\"Swawe\",\"description\":\"Your Compliance Companion\",\"potentialAction\":[{\"@type\":\"SearchAction\",\"target\":{\"@type\":\"EntryPoint\",\"urlTemplate\":\"https:\/\/swawe.fr\/?s={search_term_string}\"},\"query-input\":{\"@type\":\"PropertyValueSpecification\",\"valueRequired\":true,\"valueName\":\"search_term_string\"}}],\"inLanguage\":\"en-US\"}]}<\/script>\n<!-- \/ Yoast SEO plugin. -->","yoast_head_json":{"title":"Mentions l\u00e9gales - Swawe","robots":{"index":"index","follow":"follow","max-snippet":"max-snippet:-1","max-image-preview":"max-image-preview:large","max-video-preview":"max-video-preview:-1"},"canonical":"https:\/\/swawe.fr\/en\/mentions-legales\/","og_locale":"en_US","og_type":"article","og_title":"Mentions l\u00e9gales - Swawe","og_description":"Mentions l\u00e9gales du site swawe.fr Bienvenue sur le site web https:\/\/swawe.fr\/ (ci-apr\u00e8s d\u00e9sign\u00e9 le Site). En utilisant ce Site, vous reconnaissez avoir pris connaissance des pr\u00e9sentes mentions l\u00e9gales et vous vous engagez \u00e0 la respecter. Cette notice l\u00e9gale a notamment pour objet de vous informer de l\u2019existence de droits de propri\u00e9t\u00e9 intellectuelle devant \u00eatre respect\u00e9s, [&hellip;]","og_url":"https:\/\/swawe.fr\/en\/mentions-legales\/","og_site_name":"Swawe","article_modified_time":"2023-03-14T14:57:10+00:00","twitter_card":"summary_large_image","twitter_misc":{"Est. reading time":"5 minutes"},"schema":{"@context":"https:\/\/schema.org","@graph":[{"@type":"WebPage","@id":"https:\/\/swawe.fr\/mentions-legales\/","url":"https:\/\/swawe.fr\/mentions-legales\/","name":"Mentions l\u00e9gales - Swawe","isPartOf":{"@id":"https:\/\/swawe.fr\/#website"},"datePublished":"2022-10-20T07:28:32+00:00","dateModified":"2023-03-14T14:57:10+00:00","breadcrumb":{"@id":"https:\/\/swawe.fr\/mentions-legales\/#breadcrumb"},"inLanguage":"en-US","potentialAction":[{"@type":"ReadAction","target":["https:\/\/swawe.fr\/mentions-legales\/"]}]},{"@type":"BreadcrumbList","@id":"https:\/\/swawe.fr\/mentions-legales\/#breadcrumb","itemListElement":[{"@type":"ListItem","position":1,"name":"Accueil","item":"https:\/\/swawe.fr\/"},{"@type":"ListItem","position":2,"name":"Mentions l\u00e9gales"}]},{"@type":"WebSite","@id":"https:\/\/swawe.fr\/#website","url":"https:\/\/swawe.fr\/","name":"Swawe","description":"Your Compliance Companion","potentialAction":[{"@type":"SearchAction","target":{"@type":"EntryPoint","urlTemplate":"https:\/\/swawe.fr\/?s={search_term_string}"},"query-input":{"@type":"PropertyValueSpecification","valueRequired":true,"valueName":"search_term_string"}}],"inLanguage":"en-US"}]}},"_links":{"self":[{"href":"https:\/\/swawe.fr\/en\/wp-json\/wp\/v2\/pages\/311","targetHints":{"allow":["GET"]}}],"collection":[{"href":"https:\/\/swawe.fr\/en\/wp-json\/wp\/v2\/pages"}],"about":[{"href":"https:\/\/swawe.fr\/en\/wp-json\/wp\/v2\/types\/page"}],"author":[{"embeddable":true,"href":"https:\/\/swawe.fr\/en\/wp-json\/wp\/v2\/users\/5"}],"replies":[{"embeddable":true,"href":"https:\/\/swawe.fr\/en\/wp-json\/wp\/v2\/comments?post=311"}],"version-history":[{"count":6,"href":"https:\/\/swawe.fr\/en\/wp-json\/wp\/v2\/pages\/311\/revisions"}],"predecessor-version":[{"id":1476,"href":"https:\/\/swawe.fr\/en\/wp-json\/wp\/v2\/pages\/311\/revisions\/1476"}],"wp:attachment":[{"href":"https:\/\/swawe.fr\/en\/wp-json\/wp\/v2\/media?parent=311"}],"curies":[{"name":"wp","href":"https:\/\/api.w.org\/{rel}","templated":true}]}}