{"id":20,"date":"2022-09-16T08:16:52","date_gmt":"2022-09-16T08:16:52","guid":{"rendered":"http:\/\/newswawe.weplayagency.com\/?page_id=20"},"modified":"2023-01-18T07:41:56","modified_gmt":"2023-01-18T07:41:56","slug":"demande-de-demo","status":"publish","type":"page","link":"https:\/\/swawe.fr\/en\/demande-de-demo\/","title":{"rendered":"Request a demo"},"content":{"rendered":"<p>[et_pb_section fb_built=\u00a0\u00bb1&Prime; custom_padding_last_edited=\u00a0\u00bboff|desktop\u00a0\u00bb admin_label=\u00a0\u00bbHero\u00a0\u00bb _builder_version=\u00a0\u00bb4.16&Prime; background_color=\u00a0\u00bb#f8f7fc\u00a0\u00bb background_color_gradient_direction=\u00a0\u00bb60deg\u00a0\u00bb custom_padding=\u00a0\u00bb100px|0px||\u00a0\u00bb global_colors_info=\u00a0\u00bb{}\u00a0\u00bb][et_pb_row _builder_version=\u00a0\u00bb4.16&Prime; custom_padding=\u00a0\u00bb|||\u00a0\u00bb global_colors_info=\u00a0\u00bb{}\u00a0\u00bb][et_pb_column type=\u00a0\u00bb4_4&Prime; _builder_version=\u00a0\u00bb4.16&Prime; custom_padding=\u00a0\u00bb|||\u00a0\u00bb global_colors_info=\u00a0\u00bb{}\u00a0\u00bb custom_padding__hover=\u00a0\u00bb|||\u00a0\u00bb][et_pb_text _builder_version=\u00a0\u00bb4.18.0&Prime; text_font=\u00a0\u00bb||||||||\u00a0\u00bb header_font=\u00a0\u00bb|600||on|||||\u00a0\u00bb header_font_size=\u00a0\u00bb14px\u00a0\u00bb text_orientation=\u00a0\u00bbcenter\u00a0\u00bb max_width=\u00a0\u00bb700px\u00a0\u00bb module_alignment=\u00a0\u00bbcenter\u00a0\u00bb custom_margin=\u00a0\u00bb|||\u00a0\u00bb custom_padding=\u00a0\u00bb|||\u00a0\u00bb global_colors_info=\u00a0\u00bb{}\u00a0\u00bb]<\/p>\n<h1>Demande de d\u00e9mo<\/h1>\n<p>[\/et_pb_text][et_pb_text _builder_version=\u00a0\u00bb4.18.0&Prime; text_font=\u00a0\u00bbOpen Sans|600|||||||\u00a0\u00bb text_font_size=\u00a0\u00bb16px\u00a0\u00bb text_line_height=\u00a0\u00bb1.8em\u00a0\u00bb header_font=\u00a0\u00bb||||||||\u00a0\u00bb header_2_font=\u00a0\u00bbPoppins||||||||\u00a0\u00bb header_2_font_size=\u00a0\u00bb36px\u00a0\u00bb header_2_line_height=\u00a0\u00bb1.4em\u00a0\u00bb text_orientation=\u00a0\u00bbcenter\u00a0\u00bb max_width=\u00a0\u00bb700px\u00a0\u00bb module_alignment=\u00a0\u00bbcenter\u00a0\u00bb global_colors_info=\u00a0\u00bb{}\u00a0\u00bb]<\/p>\n<div class=\"et_pb_module et_pb_text et_pb_text_1  et_pb_text_align_left et_pb_bg_layout_light\">\n<div class=\"et_pb_text_inner\">\n<p class=\"title-blue\" style=\"text-align: center;\"><span style=\"font-size: 16px;\">Un \u00e9change et une rapide d\u00e9monstration vous permettront de juger de l\u2019ad\u00e9quation de nos solutions dans votre contexte.<\/span><\/p>\n<p class=\"title-blue\" style=\"text-align: center;\">Remplissez le formulaire ci-dessous et nous prendrons contact avec vous rapidement.<\/p>\n<\/div>\n<\/div>\n<p>[\/et_pb_text][\/et_pb_column][\/et_pb_row][\/et_pb_section][et_pb_section fb_built=\u00a0\u00bb1&Prime; admin_label=\u00a0\u00bbContact form field\u00a0\u00bb _builder_version=\u00a0\u00bb4.16&Prime; background_color=\u00a0\u00bb#f8f7fc\u00a0\u00bb custom_margin=\u00a0\u00bb|||\u00a0\u00bb custom_padding=\u00a0\u00bb||100px|\u00a0\u00bb global_colors_info=\u00a0\u00bb{}\u00a0\u00bb][et_pb_row column_structure=\u00a0\u00bb1_3,2_3&Prime; _builder_version=\u00a0\u00bb4.16&Prime; global_colors_info=\u00a0\u00bb{}\u00a0\u00bb][et_pb_column type=\u00a0\u00bb1_3&Prime; _builder_version=\u00a0\u00bb4.16&Prime; custom_padding=\u00a0\u00bb|||\u00a0\u00bb global_colors_info=\u00a0\u00bb{}\u00a0\u00bb custom_padding__hover=\u00a0\u00bb|||\u00a0\u00bb][et_pb_blurb title=\u00a0\u00bbAdresse\u00a0\u00bb use_icon=\u00a0\u00bbon\u00a0\u00bb font_icon=\u00a0\u00bb&#xe081;||divi||400&Prime; icon_color=\u00a0\u00bb#004899&Prime; icon_placement=\u00a0\u00bbleft\u00a0\u00bb image_icon_width=\u00a0\u00bb32px\u00a0\u00bb admin_label=\u00a0\u00bbaddress\u00a0\u00bb _builder_version=\u00a0\u00bb4.18.0&Prime; header_font=\u00a0\u00bbPoppins|600||on|||||\u00a0\u00bb header_font_size=\u00a0\u00bb14px\u00a0\u00bb header_line_height=\u00a0\u00bb1.4em\u00a0\u00bb body_font=\u00a0\u00bb||||||||\u00a0\u00bb body_font_size=\u00a0\u00bb16px\u00a0\u00bb body_line_height=\u00a0\u00bb1.8em\u00a0\u00bb animation_style=\u00a0\u00bbfade\u00a0\u00bb icon_font_size=\u00a0\u00bb32px\u00a0\u00bb global_colors_info=\u00a0\u00bb{}\u00a0\u00bb]<\/p>\n<p><span>8 Avenue de Paris<\/span><\/p>\n<p><span>78000 Versailles<\/span><\/p>\n<p>[\/et_pb_blurb][et_pb_blurb title=\u00a0\u00bbT\u00e9l\u00e9phone\u00a0\u00bb use_icon=\u00a0\u00bbon\u00a0\u00bb font_icon=\u00a0\u00bb&#xe090;||divi||400&Prime; icon_color=\u00a0\u00bb#EF7E26&Prime; icon_placement=\u00a0\u00bbleft\u00a0\u00bb image_icon_width=\u00a0\u00bb32px\u00a0\u00bb admin_label=\u00a0\u00bbPhone number\u00a0\u00bb _builder_version=\u00a0\u00bb4.18.0&Prime; header_font=\u00a0\u00bbPoppins|600||on|||||\u00a0\u00bb header_font_size=\u00a0\u00bb14px\u00a0\u00bb header_line_height=\u00a0\u00bb1.4em\u00a0\u00bb body_font=\u00a0\u00bb||||||||\u00a0\u00bb body_font_size=\u00a0\u00bb16px\u00a0\u00bb body_line_height=\u00a0\u00bb1.8em\u00a0\u00bb animation_style=\u00a0\u00bbfade\u00a0\u00bb animation_delay=\u00a0\u00bb100ms\u00a0\u00bb icon_font_size=\u00a0\u00bb32px\u00a0\u00bb global_colors_info=\u00a0\u00bb{}\u00a0\u00bb]<\/p>\n<p><span>+33 6 66 63 03 02<\/span><\/p>\n<p>[\/et_pb_blurb][et_pb_blurb title=\u00a0\u00bbE-mail\u00a0\u00bb use_icon=\u00a0\u00bbon\u00a0\u00bb font_icon=\u00a0\u00bb&#xe076;||divi||400&Prime; icon_color=\u00a0\u00bb#31ADE4&Prime; image_icon_background_color=\u00a0\u00bbRGBA(255,255,255,0)\u00a0\u00bb icon_placement=\u00a0\u00bbleft\u00a0\u00bb image_icon_width=\u00a0\u00bb32px\u00a0\u00bb admin_label=\u00a0\u00bbEmail\u00a0\u00bb _builder_version=\u00a0\u00bb4.18.0&Prime; header_font=\u00a0\u00bbPoppins|600||on|||||\u00a0\u00bb header_font_size=\u00a0\u00bb14px\u00a0\u00bb header_line_height=\u00a0\u00bb1.4em\u00a0\u00bb body_font=\u00a0\u00bb||||||||\u00a0\u00bb body_font_size=\u00a0\u00bb16px\u00a0\u00bb body_line_height=\u00a0\u00bb1.8em\u00a0\u00bb animation_style=\u00a0\u00bbfade\u00a0\u00bb animation_delay=\u00a0\u00bb200ms\u00a0\u00bb icon_font_size=\u00a0\u00bb32px\u00a0\u00bb global_colors_info=\u00a0\u00bb{}\u00a0\u00bb]<\/p>\n<p><span>contact@swawe.fr<\/span><\/p>\n<p>[\/et_pb_blurb][\/et_pb_column][et_pb_column type=\u00a0\u00bb2_3&Prime; _builder_version=\u00a0\u00bb4.16&Prime; custom_padding=\u00a0\u00bb|||\u00a0\u00bb global_colors_info=\u00a0\u00bb{}\u00a0\u00bb custom_padding__hover=\u00a0\u00bb|||\u00a0\u00bb][et_pb_code _builder_version=\u00a0\u00bb4.18.0&Prime; _module_preset=\u00a0\u00bbdefault\u00a0\u00bb hover_enabled=\u00a0\u00bb0&Prime; global_colors_info=\u00a0\u00bb{}\u00a0\u00bb sticky_enabled=\u00a0\u00bb0&Prime;]<!-- [et_pb_line_break_holder] --><!-- [et_pb_line_break_holder] --><iframe loading=\"lazy\" width=\"540\" height=\"900\" src=\"https:\/\/615cbefa.sibforms.com\/serve\/MUIEAK9uvgpax2WN-7mzcij4RH-uXzexjXERyYuoDNFo1Fueg3SQ7zslq10tHPZ1y_O_yCLHmXld5W1-Q0om9BXzGYOiC9VYYUkIUMinQ7hGXh4ylORNTL84AUbB200C07Xb1rz6MDjR20CxtWvtX9yKOUCyaol8VYHtFtTWPdYqmgBrIeR5mORiYBfj5BwfZbUUa9df4Pju6Mzj\" frameborder=\"0\" scrolling=\"auto\" allowfullscreen style=\"display: block;margin-left: auto;margin-right: auto;max-width: 100%;\"><\/iframe>[\/et_pb_code][\/et_pb_column][\/et_pb_row][\/et_pb_section]<\/p>\n","protected":false},"excerpt":{"rendered":"<p>Demande de d\u00e9mo Un \u00e9change et une rapide d\u00e9monstration vous permettront de juger de l\u2019ad\u00e9quation de nos solutions dans votre contexte. Remplissez le formulaire ci-dessous et nous prendrons contact avec vous rapidement. 8 Avenue de Paris 78000 Versailles+33 6 66 63 03 02contact@swawe.fr<\/p>","protected":false},"author":5,"featured_media":0,"parent":0,"menu_order":0,"comment_status":"closed","ping_status":"closed","template":"","meta":{"_et_pb_use_builder":"on","_et_pb_old_content":"<!-- wp:divi\/placeholder \/-->","_et_gb_content_width":"","footnotes":""},"class_list":["post-20","page","type-page","status-publish","hentry"],"yoast_head":"<!-- This site is optimized with the Yoast SEO plugin v27.1.1 - https:\/\/yoast.com\/product\/yoast-seo-wordpress\/ -->\n<title>Demande de d\u00e9mo - Swawe<\/title>\n<meta name=\"robots\" content=\"index, follow, max-snippet:-1, max-image-preview:large, max-video-preview:-1\" \/>\n<link rel=\"canonical\" href=\"https:\/\/swawe.fr\/en\/demande-de-demo\/\" \/>\n<meta property=\"og:locale\" content=\"en_US\" \/>\n<meta property=\"og:type\" content=\"article\" \/>\n<meta property=\"og:title\" content=\"Demande de d\u00e9mo - Swawe\" \/>\n<meta property=\"og:description\" content=\"Demande de d\u00e9mo Un \u00e9change et une rapide d\u00e9monstration vous permettront de juger de l\u2019ad\u00e9quation de nos solutions dans votre contexte. Remplissez le formulaire ci-dessous et nous prendrons contact avec vous rapidement. 8 Avenue de Paris 78000 Versailles+33 6 66 63 03 02contact@swawe.fr\" \/>\n<meta property=\"og:url\" content=\"https:\/\/swawe.fr\/en\/demande-de-demo\/\" \/>\n<meta property=\"og:site_name\" content=\"Swawe\" \/>\n<meta property=\"article:modified_time\" content=\"2023-01-18T07:41:56+00:00\" \/>\n<meta name=\"twitter:card\" content=\"summary_large_image\" \/>\n<meta name=\"twitter:label1\" content=\"Est. reading time\" \/>\n\t<meta name=\"twitter:data1\" content=\"2 minutes\" \/>\n<script type=\"application\/ld+json\" class=\"yoast-schema-graph\">{\"@context\":\"https:\/\/schema.org\",\"@graph\":[{\"@type\":\"WebPage\",\"@id\":\"https:\/\/swawe.fr\/demande-de-demo\/\",\"url\":\"https:\/\/swawe.fr\/demande-de-demo\/\",\"name\":\"Demande de d\u00e9mo - Swawe\",\"isPartOf\":{\"@id\":\"https:\/\/swawe.fr\/#website\"},\"datePublished\":\"2022-09-16T08:16:52+00:00\",\"dateModified\":\"2023-01-18T07:41:56+00:00\",\"breadcrumb\":{\"@id\":\"https:\/\/swawe.fr\/demande-de-demo\/#breadcrumb\"},\"inLanguage\":\"en-US\",\"potentialAction\":[{\"@type\":\"ReadAction\",\"target\":[\"https:\/\/swawe.fr\/demande-de-demo\/\"]}]},{\"@type\":\"BreadcrumbList\",\"@id\":\"https:\/\/swawe.fr\/demande-de-demo\/#breadcrumb\",\"itemListElement\":[{\"@type\":\"ListItem\",\"position\":1,\"name\":\"Accueil\",\"item\":\"https:\/\/swawe.fr\/\"},{\"@type\":\"ListItem\",\"position\":2,\"name\":\"Demande de d\u00e9mo\"}]},{\"@type\":\"WebSite\",\"@id\":\"https:\/\/swawe.fr\/#website\",\"url\":\"https:\/\/swawe.fr\/\",\"name\":\"Swawe\",\"description\":\"Your Compliance Companion\",\"potentialAction\":[{\"@type\":\"SearchAction\",\"target\":{\"@type\":\"EntryPoint\",\"urlTemplate\":\"https:\/\/swawe.fr\/?s={search_term_string}\"},\"query-input\":{\"@type\":\"PropertyValueSpecification\",\"valueRequired\":true,\"valueName\":\"search_term_string\"}}],\"inLanguage\":\"en-US\"}]}<\/script>\n<!-- \/ Yoast SEO plugin. -->","yoast_head_json":{"title":"Demande de d\u00e9mo - Swawe","robots":{"index":"index","follow":"follow","max-snippet":"max-snippet:-1","max-image-preview":"max-image-preview:large","max-video-preview":"max-video-preview:-1"},"canonical":"https:\/\/swawe.fr\/en\/demande-de-demo\/","og_locale":"en_US","og_type":"article","og_title":"Demande de d\u00e9mo - Swawe","og_description":"Demande de d\u00e9mo Un \u00e9change et une rapide d\u00e9monstration vous permettront de juger de l\u2019ad\u00e9quation de nos solutions dans votre contexte. Remplissez le formulaire ci-dessous et nous prendrons contact avec vous rapidement. 8 Avenue de Paris 78000 Versailles+33 6 66 63 03 02contact@swawe.fr","og_url":"https:\/\/swawe.fr\/en\/demande-de-demo\/","og_site_name":"Swawe","article_modified_time":"2023-01-18T07:41:56+00:00","twitter_card":"summary_large_image","twitter_misc":{"Est. reading time":"2 minutes"},"schema":{"@context":"https:\/\/schema.org","@graph":[{"@type":"WebPage","@id":"https:\/\/swawe.fr\/demande-de-demo\/","url":"https:\/\/swawe.fr\/demande-de-demo\/","name":"Demande de d\u00e9mo - Swawe","isPartOf":{"@id":"https:\/\/swawe.fr\/#website"},"datePublished":"2022-09-16T08:16:52+00:00","dateModified":"2023-01-18T07:41:56+00:00","breadcrumb":{"@id":"https:\/\/swawe.fr\/demande-de-demo\/#breadcrumb"},"inLanguage":"en-US","potentialAction":[{"@type":"ReadAction","target":["https:\/\/swawe.fr\/demande-de-demo\/"]}]},{"@type":"BreadcrumbList","@id":"https:\/\/swawe.fr\/demande-de-demo\/#breadcrumb","itemListElement":[{"@type":"ListItem","position":1,"name":"Accueil","item":"https:\/\/swawe.fr\/"},{"@type":"ListItem","position":2,"name":"Demande de d\u00e9mo"}]},{"@type":"WebSite","@id":"https:\/\/swawe.fr\/#website","url":"https:\/\/swawe.fr\/","name":"Swawe","description":"Your Compliance Companion","potentialAction":[{"@type":"SearchAction","target":{"@type":"EntryPoint","urlTemplate":"https:\/\/swawe.fr\/?s={search_term_string}"},"query-input":{"@type":"PropertyValueSpecification","valueRequired":true,"valueName":"search_term_string"}}],"inLanguage":"en-US"}]}},"_links":{"self":[{"href":"https:\/\/swawe.fr\/en\/wp-json\/wp\/v2\/pages\/20","targetHints":{"allow":["GET"]}}],"collection":[{"href":"https:\/\/swawe.fr\/en\/wp-json\/wp\/v2\/pages"}],"about":[{"href":"https:\/\/swawe.fr\/en\/wp-json\/wp\/v2\/types\/page"}],"author":[{"embeddable":true,"href":"https:\/\/swawe.fr\/en\/wp-json\/wp\/v2\/users\/5"}],"replies":[{"embeddable":true,"href":"https:\/\/swawe.fr\/en\/wp-json\/wp\/v2\/comments?post=20"}],"version-history":[{"count":10,"href":"https:\/\/swawe.fr\/en\/wp-json\/wp\/v2\/pages\/20\/revisions"}],"predecessor-version":[{"id":1354,"href":"https:\/\/swawe.fr\/en\/wp-json\/wp\/v2\/pages\/20\/revisions\/1354"}],"wp:attachment":[{"href":"https:\/\/swawe.fr\/en\/wp-json\/wp\/v2\/media?parent=20"}],"curies":[{"name":"wp","href":"https:\/\/api.w.org\/{rel}","templated":true}]}}