{"id":180,"date":"2022-10-18T06:24:20","date_gmt":"2022-10-18T06:24:20","guid":{"rendered":"http:\/\/newswawe.weplayagency.com\/?page_id=180"},"modified":"2022-12-20T22:42:09","modified_gmt":"2022-12-20T22:42:09","slug":"mise-a-jour-et-support","status":"publish","type":"page","link":"https:\/\/swawe.fr\/en\/mise-a-jour-et-support\/","title":{"rendered":"Updates and support"},"content":{"rendered":"<p>[et_pb_section fb_built=\u00a0\u00bb1&Prime; custom_padding_last_edited=\u00a0\u00bbon|desktop\u00a0\u00bb next_background_color=\u00a0\u00bb#ffffff\u00a0\u00bb admin_label=\u00a0\u00bbHeader\u00a0\u00bb _builder_version=\u00a0\u00bb4.18.0&Prime; use_background_color_gradient=\u00a0\u00bbon\u00a0\u00bb background_color_gradient_direction=\u00a0\u00bb130deg\u00a0\u00bb background_color_gradient_stops=\u00a0\u00bb#004899 52%|#33ace3 100%\u00a0\u00bb background_color_gradient_start=\u00a0\u00bb#352597&Prime; background_color_gradient_end=\u00a0\u00bb#8686FF\u00a0\u00bb background_image=\u00a0\u00bbhttps:\/\/swawe.fr\/wp-content\/uploads\/2022\/11\/SWAWE_Header-02-scaled.jpg\u00a0\u00bb parallax=\u00a0\u00bbon\u00a0\u00bb custom_padding=\u00a0\u00bb7vw||10vw||false|false\u00a0\u00bb custom_padding_tablet=\u00a0\u00bb100px||100px||true\u00a0\u00bb custom_padding_phone=\u00a0\u00bb||||true\u00a0\u00bb bottom_divider_style=\u00a0\u00bbramp2&Prime; bottom_divider_height=\u00a0\u00bb250px\u00a0\u00bb bottom_divider_height_tablet=\u00a0\u00bb150px\u00a0\u00bb bottom_divider_height_phone=\u00a0\u00bb110px\u00a0\u00bb bottom_divider_height_last_edited=\u00a0\u00bbon|phone\u00a0\u00bb saved_tabs=\u00a0\u00bball\u00a0\u00bb locked=\u00a0\u00bboff\u00a0\u00bb global_colors_info=\u00a0\u00bb{}\u00a0\u00bb][et_pb_row _builder_version=\u00a0\u00bb4.16&Prime; global_colors_info=\u00a0\u00bb{}\u00a0\u00bb][et_pb_column type=\u00a0\u00bb4_4&Prime; _builder_version=\u00a0\u00bb4.16&Prime; custom_padding=\u00a0\u00bb|||\u00a0\u00bb global_colors_info=\u00a0\u00bb{}\u00a0\u00bb custom_padding__hover=\u00a0\u00bb|||\u00a0\u00bb][et_pb_text _builder_version=\u00a0\u00bb4.18.0&Prime; text_font=\u00a0\u00bbRoboto||||||||\u00a0\u00bb text_font_size=\u00a0\u00bb16px\u00a0\u00bb text_line_height=\u00a0\u00bb1.8em\u00a0\u00bb header_font=\u00a0\u00bbDays One|700|||||||\u00a0\u00bb header_text_align=\u00a0\u00bbcenter\u00a0\u00bb header_font_size=\u00a0\u00bb80px\u00a0\u00bb header_line_height=\u00a0\u00bb1.2em\u00a0\u00bb header_3_font=\u00a0\u00bbRoboto|700||on|||||\u00a0\u00bb header_3_text_align=\u00a0\u00bbcenter\u00a0\u00bb header_3_text_color=\u00a0\u00bb#ffffff\u00a0\u00bb header_3_font_size=\u00a0\u00bb20px\u00a0\u00bb header_3_letter_spacing=\u00a0\u00bb6px\u00a0\u00bb header_3_line_height=\u00a0\u00bb1.7em\u00a0\u00bb text_orientation=\u00a0\u00bbcenter\u00a0\u00bb background_layout=\u00a0\u00bbdark\u00a0\u00bb module_alignment=\u00a0\u00bbcenter\u00a0\u00bb text_font_size_last_edited=\u00a0\u00bboff|desktop\u00a0\u00bb header_font_size_tablet=\u00a0\u00bb40px\u00a0\u00bb header_font_size_phone=\u00a0\u00bb32px\u00a0\u00bb header_font_size_last_edited=\u00a0\u00bbon|phone\u00a0\u00bb header_3_font_size_tablet=\u00a0\u00bb16px\u00a0\u00bb header_3_font_size_phone=\u00a0\u00bb14px\u00a0\u00bb header_3_font_size_last_edited=\u00a0\u00bbon|phone\u00a0\u00bb header_3_letter_spacing_tablet=\u00a0\u00bb5px\u00a0\u00bb header_3_letter_spacing_phone=\u00a0\u00bb\u00a0\u00bb header_3_letter_spacing_last_edited=\u00a0\u00bbon|tablet\u00a0\u00bb inline_fonts=\u00a0\u00bbDays One\u00a0\u00bb global_colors_info=\u00a0\u00bb{}\u00a0\u00bb]<\/p>\n<h3><span style=\"font-family: 'Days One'; font-weight: normal;\"><strong>Services<\/strong><\/span><\/h3>\n<h1><span style=\"font-family: 'Days One'; font-weight: normal;\">Mise \u00e0 jour et support<\/span><\/h1>\n<p>[\/et_pb_text][et_pb_text _builder_version=\u00a0\u00bb4.18.0&Prime; _module_preset=\u00a0\u00bbdefault\u00a0\u00bb text_font=\u00a0\u00bb||||||||\u00a0\u00bb text_text_color=\u00a0\u00bb#FFFFFF\u00a0\u00bb text_orientation=\u00a0\u00bbcenter\u00a0\u00bb hover_enabled=\u00a0\u00bb0&Prime; inline_fonts=\u00a0\u00bbDays One\u00a0\u00bb global_colors_info=\u00a0\u00bb{}\u00a0\u00bb sticky_enabled=\u00a0\u00bb0&Prime;]<\/p>\n<p>Faire un \u00e9tat des risques sur l\u2019utilisation de SAP<br \/>Lister les types de risques audit\u00e9s<\/p>\n<p>[\/et_pb_text][\/et_pb_column][\/et_pb_row][\/et_pb_section][et_pb_section fb_built=\u00a0\u00bb1&Prime; admin_label=\u00a0\u00bbFeatures\u00a0\u00bb _builder_version=\u00a0\u00bb4.16&Prime; custom_padding=\u00a0\u00bb100px|0px|100px|0px\u00a0\u00bb locked=\u00a0\u00bboff\u00a0\u00bb global_colors_info=\u00a0\u00bb{}\u00a0\u00bb][et_pb_row column_structure=\u00a0\u00bb2_5,3_5&Prime; use_custom_gutter=\u00a0\u00bbon\u00a0\u00bb gutter_width=\u00a0\u00bb2&Prime; _builder_version=\u00a0\u00bb4.16&Prime; max_width=\u00a0\u00bb1440px\u00a0\u00bb custom_padding=\u00a0\u00bb0px||0px||true\u00a0\u00bb use_custom_width=\u00a0\u00bbon\u00a0\u00bb custom_width_px=\u00a0\u00bb1440px\u00a0\u00bb global_colors_info=\u00a0\u00bb{}\u00a0\u00bb][et_pb_column type=\u00a0\u00bb2_5&Prime; _builder_version=\u00a0\u00bb4.16&Prime; custom_padding=\u00a0\u00bb|||\u00a0\u00bb global_colors_info=\u00a0\u00bb{}\u00a0\u00bb custom_padding__hover=\u00a0\u00bb|||\u00a0\u00bb][et_pb_image src=\u00a0\u00bbhttps:\/\/swawe.fr\/wp-content\/uploads\/2022\/11\/La-qualite-et-la-reactivite-du-service-SWAWE-est-plebiscite-par-ses-clients.png\u00a0\u00bb alt=\u00a0\u00bbLa qualit\u00e9 et la r\u00e9activit\u00e9 du service SWAWE\u00a0\u00bb title_text=\u00a0\u00bbLa qualite\u0301 et la re\u0301activite\u0301 du service SWAWE est ple\u0301biscite\u0301 par ses clients\u00a0\u00bb align=\u00a0\u00bbright\u00a0\u00bb force_fullwidth=\u00a0\u00bbon\u00a0\u00bb align_tablet=\u00a0\u00bbcenter\u00a0\u00bb align_phone=\u00a0\u00bbcenter\u00a0\u00bb align_last_edited=\u00a0\u00bbon|desktop\u00a0\u00bb _builder_version=\u00a0\u00bb4.18.0&Prime; custom_margin=\u00a0\u00bb||-10%|\u00a0\u00bb custom_padding=\u00a0\u00bb73px|||||\u00a0\u00bb animation_style=\u00a0\u00bbroll\u00a0\u00bb animation_direction=\u00a0\u00bbleft\u00a0\u00bb animation_intensity_roll=\u00a0\u00bb4%\u00a0\u00bb global_colors_info=\u00a0\u00bb{}\u00a0\u00bb][\/et_pb_image][\/et_pb_column][et_pb_column type=\u00a0\u00bb3_5&Prime; _builder_version=\u00a0\u00bb4.16&Prime; custom_padding=\u00a0\u00bb5%|5%|5%|\u00a0\u00bb global_colors_info=\u00a0\u00bb{}\u00a0\u00bb custom_padding__hover=\u00a0\u00bb|||\u00a0\u00bb][et_pb_text _builder_version=\u00a0\u00bb4.18.0&Prime; text_font=\u00a0\u00bb||||||||\u00a0\u00bb text_font_size=\u00a0\u00bb16px\u00a0\u00bb text_line_height=\u00a0\u00bb2em\u00a0\u00bb ul_font=\u00a0\u00bb||||||||\u00a0\u00bb header_font=\u00a0\u00bb||||||||\u00a0\u00bb header_2_font=\u00a0\u00bbRoboto|700|||||||\u00a0\u00bb header_2_font_size=\u00a0\u00bb45px\u00a0\u00bb header_2_line_height=\u00a0\u00bb1.2em\u00a0\u00bb header_3_font=\u00a0\u00bb||||||||\u00a0\u00bb max_width=\u00a0\u00bb800px\u00a0\u00bb max_width_last_edited=\u00a0\u00bboff|desktop\u00a0\u00bb module_alignment=\u00a0\u00bbcenter\u00a0\u00bb custom_margin=\u00a0\u00bb|||\u00a0\u00bb custom_padding=\u00a0\u00bb|||\u00a0\u00bb hover_enabled=\u00a0\u00bb0&Prime; header_2_font_size_tablet=\u00a0\u00bb35px\u00a0\u00bb header_2_font_size_phone=\u00a0\u00bb28px\u00a0\u00bb header_2_font_size_last_edited=\u00a0\u00bbon|desktop\u00a0\u00bb global_colors_info=\u00a0\u00bb{}\u00a0\u00bb sticky_enabled=\u00a0\u00bb0&Prime;]<\/p>\n<h2>La qualit\u00e9 et la r\u00e9activit\u00e9 du service SWAWE sont pl\u00e9biscit\u00e9es par ses clients.<\/h2>\n<p style=\"text-align: center;\">Au titre de l\u2019abonnement aux modules SWAWE, vous b\u00e9n\u00e9ficierez de :<\/p>\n<p>[\/et_pb_text][et_pb_toggle title=\u00a0\u00bbMises \u00e0 jour\u00a0\u00bb open=\u00a0\u00bbon\u00a0\u00bb icon_color=\u00a0\u00bbRGBA(255,255,255,0)\u00a0\u00bb _builder_version=\u00a0\u00bb4.18.0&Prime; title_font=\u00a0\u00bbRoboto|700|||||||\u00a0\u00bb title_font_size=\u00a0\u00bb18px\u00a0\u00bb title_line_height=\u00a0\u00bb1.7em\u00a0\u00bb body_font=\u00a0\u00bb||||||||\u00a0\u00bb body_font_size=\u00a0\u00bb16px\u00a0\u00bb body_line_height=\u00a0\u00bb2em\u00a0\u00bb background_color=\u00a0\u00bb#ffffff\u00a0\u00bb custom_margin=\u00a0\u00bb|||\u00a0\u00bb custom_padding=\u00a0\u00bb|30px||30px\u00a0\u00bb animation_style=\u00a0\u00bbfold\u00a0\u00bb animation_direction=\u00a0\u00bbtop\u00a0\u00bb border_radii=\u00a0\u00bbon|10px|10px|10px|10px\u00a0\u00bb border_width_all=\u00a0\u00bb0px\u00a0\u00bb border_color_all=\u00a0\u00bb#0B0D1D\u00a0\u00bb border_width_left=\u00a0\u00bb10px\u00a0\u00bb box_shadow_style=\u00a0\u00bbpreset1&Prime; box_shadow_blur=\u00a0\u00bb70px\u00a0\u00bb box_shadow_color=\u00a0\u00bbrgba(110,130,208,0.18)\u00a0\u00bb global_colors_info=\u00a0\u00bb{}\u00a0\u00bb]<\/p>\n<p><span>Les modules SWAWE sont tr\u00e8s r\u00e9guli\u00e8rement mis \u00e0 jour avec de nouvelles fonctionnalit\u00e9s issues des demandes des utilisateurs ou des recherches effectu\u00e9es par SWAWE. Les mises \u00e0 jour sont install\u00e9es par les \u00e9quipes SWAWE en suivant une proc\u00e9dure s\u00e9curis\u00e9e.<\/span><\/p>\n<p>[\/et_pb_toggle][et_pb_toggle title=\u00a0\u00bbSupport\u00a0\u00bb open=\u00a0\u00bbon\u00a0\u00bb _builder_version=\u00a0\u00bb4.18.0&Prime; title_font=\u00a0\u00bbRoboto|700|||||||\u00a0\u00bb title_font_size=\u00a0\u00bb18px\u00a0\u00bb title_line_height=\u00a0\u00bb1.7em\u00a0\u00bb body_font=\u00a0\u00bb||||||||\u00a0\u00bb body_font_size=\u00a0\u00bb16px\u00a0\u00bb body_line_height=\u00a0\u00bb2em\u00a0\u00bb background_color=\u00a0\u00bb#ffffff\u00a0\u00bb custom_margin=\u00a0\u00bb|||\u00a0\u00bb custom_padding=\u00a0\u00bb|30px||30px\u00a0\u00bb animation_style=\u00a0\u00bbfold\u00a0\u00bb animation_direction=\u00a0\u00bbtop\u00a0\u00bb animation_delay=\u00a0\u00bb100ms\u00a0\u00bb hover_enabled=\u00a0\u00bb0&Prime; border_radii=\u00a0\u00bbon|10px|10px|10px|10px\u00a0\u00bb border_width_all=\u00a0\u00bb0px\u00a0\u00bb border_color_all=\u00a0\u00bb#004899&Prime; border_width_left=\u00a0\u00bb10px\u00a0\u00bb box_shadow_style=\u00a0\u00bbpreset1&Prime; box_shadow_blur=\u00a0\u00bb70px\u00a0\u00bb box_shadow_color=\u00a0\u00bbrgba(110,130,208,0.18)\u00a0\u00bb global_colors_info=\u00a0\u00bb{}\u00a0\u00bb sticky_enabled=\u00a0\u00bb0&Prime;]<\/p>\n<p><span>Le Support SWAWE r\u00e9pond \u00e0 vos questions techniques et d\u2019usage de nos solutions pendant les jours et horaires ouvr\u00e9s, par t\u00e9l\u00e9phone et par e-mail. Nos experts techniques sont r\u00e9actifs et vous apportent des r\u00e9ponses dans l\u2019instant dans 90% des cas.<\/span><\/p>\n<p>[\/et_pb_toggle][et_pb_toggle title=\u00a0\u00bbFormation\u00a0\u00bb open=\u00a0\u00bbon\u00a0\u00bb _builder_version=\u00a0\u00bb4.18.0&Prime; title_font=\u00a0\u00bbRoboto|700|||||||\u00a0\u00bb title_font_size=\u00a0\u00bb18px\u00a0\u00bb title_line_height=\u00a0\u00bb1.7em\u00a0\u00bb body_font=\u00a0\u00bb||||||||\u00a0\u00bb body_font_size=\u00a0\u00bb16px\u00a0\u00bb body_line_height=\u00a0\u00bb2em\u00a0\u00bb background_color=\u00a0\u00bb#ffffff\u00a0\u00bb custom_margin=\u00a0\u00bb|||\u00a0\u00bb custom_padding=\u00a0\u00bb|30px||30px\u00a0\u00bb animation_style=\u00a0\u00bbfold\u00a0\u00bb animation_direction=\u00a0\u00bbtop\u00a0\u00bb animation_delay=\u00a0\u00bb200ms\u00a0\u00bb border_radii=\u00a0\u00bbon|10px|10px|10px|10px\u00a0\u00bb border_width_all=\u00a0\u00bb0px\u00a0\u00bb border_color_all=\u00a0\u00bb#31ADE4&Prime; border_width_left=\u00a0\u00bb10px\u00a0\u00bb box_shadow_style=\u00a0\u00bbpreset1&Prime; box_shadow_blur=\u00a0\u00bb70px\u00a0\u00bb box_shadow_color=\u00a0\u00bbrgba(110,130,208,0.18)\u00a0\u00bb global_colors_info=\u00a0\u00bb{}\u00a0\u00bb]<\/p>\n<p><span>\u00c9galement inclus dans l\u2019abonnement, vous b\u00e9n\u00e9ficierez d\u2019une formation utilisateur appliqu\u00e9e \u00e0 votre contexte et bas\u00e9e sur les bonnes pratiques d\u00e9velopp\u00e9es par l\u2019\u00e9quipe SWAWE.<\/span><\/p>\n<p>[\/et_pb_toggle][\/et_pb_column][\/et_pb_row][\/et_pb_section]<\/p>\n","protected":false},"excerpt":{"rendered":"<p>Services Mise \u00e0 jour et supportFaire un \u00e9tat des risques sur l\u2019utilisation de SAPLister les types de risques audit\u00e9sLa qualit\u00e9 et la r\u00e9activit\u00e9 du service SWAWE sont pl\u00e9biscit\u00e9es par ses clients. Au titre de l\u2019abonnement aux modules SWAWE, vous b\u00e9n\u00e9ficierez de :Les modules SWAWE sont tr\u00e8s r\u00e9guli\u00e8rement mis \u00e0 jour avec de nouvelles fonctionnalit\u00e9s issues [&hellip;]<\/p>\n","protected":false},"author":5,"featured_media":0,"parent":0,"menu_order":0,"comment_status":"closed","ping_status":"closed","template":"","meta":{"_et_pb_use_builder":"on","_et_pb_old_content":"<!-- wp:divi\/placeholder \/-->","_et_gb_content_width":"","footnotes":""},"class_list":["post-180","page","type-page","status-publish","hentry"],"yoast_head":"<!-- This site is optimized with the Yoast SEO plugin v27.4 - https:\/\/yoast.com\/product\/yoast-seo-wordpress\/ -->\n<title>Mise \u00e0 jour et support - Swawe<\/title>\n<meta name=\"robots\" content=\"index, follow, max-snippet:-1, max-image-preview:large, max-video-preview:-1\" \/>\n<link rel=\"canonical\" href=\"https:\/\/swawe.fr\/en\/mise-a-jour-et-support\/\" \/>\n<meta property=\"og:locale\" content=\"en_US\" \/>\n<meta property=\"og:type\" content=\"article\" \/>\n<meta property=\"og:title\" content=\"Mise \u00e0 jour et support - Swawe\" \/>\n<meta property=\"og:description\" content=\"Services Mise \u00e0 jour et supportFaire un \u00e9tat des risques sur l\u2019utilisation de SAPLister les types de risques audit\u00e9sLa qualit\u00e9 et la r\u00e9activit\u00e9 du service SWAWE sont pl\u00e9biscit\u00e9es par ses clients. Au titre de l\u2019abonnement aux modules SWAWE, vous b\u00e9n\u00e9ficierez de :Les modules SWAWE sont tr\u00e8s r\u00e9guli\u00e8rement mis \u00e0 jour avec de nouvelles fonctionnalit\u00e9s issues [&hellip;]\" \/>\n<meta property=\"og:url\" content=\"https:\/\/swawe.fr\/en\/mise-a-jour-et-support\/\" \/>\n<meta property=\"og:site_name\" content=\"Swawe\" \/>\n<meta property=\"article:modified_time\" content=\"2022-12-20T22:42:09+00:00\" \/>\n<meta name=\"twitter:card\" content=\"summary_large_image\" \/>\n<meta name=\"twitter:label1\" content=\"Est. reading time\" \/>\n\t<meta name=\"twitter:data1\" content=\"5 minutes\" \/>\n<script type=\"application\/ld+json\" class=\"yoast-schema-graph\">{\"@context\":\"https:\\\/\\\/schema.org\",\"@graph\":[{\"@type\":\"WebPage\",\"@id\":\"https:\\\/\\\/swawe.fr\\\/mise-a-jour-et-support\\\/\",\"url\":\"https:\\\/\\\/swawe.fr\\\/mise-a-jour-et-support\\\/\",\"name\":\"Mise \u00e0 jour et support - Swawe\",\"isPartOf\":{\"@id\":\"https:\\\/\\\/swawe.fr\\\/#website\"},\"datePublished\":\"2022-10-18T06:24:20+00:00\",\"dateModified\":\"2022-12-20T22:42:09+00:00\",\"breadcrumb\":{\"@id\":\"https:\\\/\\\/swawe.fr\\\/mise-a-jour-et-support\\\/#breadcrumb\"},\"inLanguage\":\"en-US\",\"potentialAction\":[{\"@type\":\"ReadAction\",\"target\":[\"https:\\\/\\\/swawe.fr\\\/mise-a-jour-et-support\\\/\"]}]},{\"@type\":\"BreadcrumbList\",\"@id\":\"https:\\\/\\\/swawe.fr\\\/mise-a-jour-et-support\\\/#breadcrumb\",\"itemListElement\":[{\"@type\":\"ListItem\",\"position\":1,\"name\":\"Accueil\",\"item\":\"https:\\\/\\\/swawe.fr\\\/\"},{\"@type\":\"ListItem\",\"position\":2,\"name\":\"Mise \u00e0 jour et support\"}]},{\"@type\":\"WebSite\",\"@id\":\"https:\\\/\\\/swawe.fr\\\/#website\",\"url\":\"https:\\\/\\\/swawe.fr\\\/\",\"name\":\"Swawe\",\"description\":\"Your Compliance Companion\",\"potentialAction\":[{\"@type\":\"SearchAction\",\"target\":{\"@type\":\"EntryPoint\",\"urlTemplate\":\"https:\\\/\\\/swawe.fr\\\/?s={search_term_string}\"},\"query-input\":{\"@type\":\"PropertyValueSpecification\",\"valueRequired\":true,\"valueName\":\"search_term_string\"}}],\"inLanguage\":\"en-US\"}]}<\/script>\n<!-- \/ Yoast SEO plugin. -->","yoast_head_json":{"title":"Mise \u00e0 jour et support - Swawe","robots":{"index":"index","follow":"follow","max-snippet":"max-snippet:-1","max-image-preview":"max-image-preview:large","max-video-preview":"max-video-preview:-1"},"canonical":"https:\/\/swawe.fr\/en\/mise-a-jour-et-support\/","og_locale":"en_US","og_type":"article","og_title":"Mise \u00e0 jour et support - Swawe","og_description":"Services Mise \u00e0 jour et supportFaire un \u00e9tat des risques sur l\u2019utilisation de SAPLister les types de risques audit\u00e9sLa qualit\u00e9 et la r\u00e9activit\u00e9 du service SWAWE sont pl\u00e9biscit\u00e9es par ses clients. Au titre de l\u2019abonnement aux modules SWAWE, vous b\u00e9n\u00e9ficierez de :Les modules SWAWE sont tr\u00e8s r\u00e9guli\u00e8rement mis \u00e0 jour avec de nouvelles fonctionnalit\u00e9s issues [&hellip;]","og_url":"https:\/\/swawe.fr\/en\/mise-a-jour-et-support\/","og_site_name":"Swawe","article_modified_time":"2022-12-20T22:42:09+00:00","twitter_card":"summary_large_image","twitter_misc":{"Est. reading time":"5 minutes"},"schema":{"@context":"https:\/\/schema.org","@graph":[{"@type":"WebPage","@id":"https:\/\/swawe.fr\/mise-a-jour-et-support\/","url":"https:\/\/swawe.fr\/mise-a-jour-et-support\/","name":"Mise \u00e0 jour et support - Swawe","isPartOf":{"@id":"https:\/\/swawe.fr\/#website"},"datePublished":"2022-10-18T06:24:20+00:00","dateModified":"2022-12-20T22:42:09+00:00","breadcrumb":{"@id":"https:\/\/swawe.fr\/mise-a-jour-et-support\/#breadcrumb"},"inLanguage":"en-US","potentialAction":[{"@type":"ReadAction","target":["https:\/\/swawe.fr\/mise-a-jour-et-support\/"]}]},{"@type":"BreadcrumbList","@id":"https:\/\/swawe.fr\/mise-a-jour-et-support\/#breadcrumb","itemListElement":[{"@type":"ListItem","position":1,"name":"Accueil","item":"https:\/\/swawe.fr\/"},{"@type":"ListItem","position":2,"name":"Mise \u00e0 jour et support"}]},{"@type":"WebSite","@id":"https:\/\/swawe.fr\/#website","url":"https:\/\/swawe.fr\/","name":"Swawe","description":"Your Compliance Companion","potentialAction":[{"@type":"SearchAction","target":{"@type":"EntryPoint","urlTemplate":"https:\/\/swawe.fr\/?s={search_term_string}"},"query-input":{"@type":"PropertyValueSpecification","valueRequired":true,"valueName":"search_term_string"}}],"inLanguage":"en-US"}]}},"_links":{"self":[{"href":"https:\/\/swawe.fr\/en\/wp-json\/wp\/v2\/pages\/180","targetHints":{"allow":["GET"]}}],"collection":[{"href":"https:\/\/swawe.fr\/en\/wp-json\/wp\/v2\/pages"}],"about":[{"href":"https:\/\/swawe.fr\/en\/wp-json\/wp\/v2\/types\/page"}],"author":[{"embeddable":true,"href":"https:\/\/swawe.fr\/en\/wp-json\/wp\/v2\/users\/5"}],"replies":[{"embeddable":true,"href":"https:\/\/swawe.fr\/en\/wp-json\/wp\/v2\/comments?post=180"}],"version-history":[{"count":13,"href":"https:\/\/swawe.fr\/en\/wp-json\/wp\/v2\/pages\/180\/revisions"}],"predecessor-version":[{"id":1276,"href":"https:\/\/swawe.fr\/en\/wp-json\/wp\/v2\/pages\/180\/revisions\/1276"}],"wp:attachment":[{"href":"https:\/\/swawe.fr\/en\/wp-json\/wp\/v2\/media?parent=180"}],"curies":[{"name":"wp","href":"https:\/\/api.w.org\/{rel}","templated":true}]}}