{"id":1082,"date":"2022-12-13T21:49:33","date_gmt":"2022-12-13T21:49:33","guid":{"rendered":"https:\/\/swawe.fr\/?page_id=1082"},"modified":"2023-02-14T11:15:49","modified_gmt":"2023-02-14T11:15:49","slug":"cas-client-araymond","status":"publish","type":"page","link":"https:\/\/swawe.fr\/en\/cas-client-araymond\/","title":{"rendered":"Cas client ARaymond"},"content":{"rendered":"<p>[et_pb_section fb_built=\u00a0\u00bb1&Prime; custom_padding_last_edited=\u00a0\u00bbon|desktop\u00a0\u00bb next_background_color=\u00a0\u00bb#ffffff\u00a0\u00bb admin_label=\u00a0\u00bbHeader\u00a0\u00bb _builder_version=\u00a0\u00bb4.18.0&Prime; use_background_color_gradient=\u00a0\u00bbon\u00a0\u00bb background_color_gradient_direction=\u00a0\u00bb130deg\u00a0\u00bb background_color_gradient_stops=\u00a0\u00bb#004899 52%|#33ace3 100%\u00a0\u00bb background_color_gradient_start=\u00a0\u00bb#352597&Prime; background_color_gradient_end=\u00a0\u00bb#8686FF\u00a0\u00bb background_image=\u00a0\u00bbhttps:\/\/swawe.fr\/wp-content\/uploads\/2022\/12\/home_cover_4.jpeg\u00a0\u00bb custom_padding=\u00a0\u00bb7vw||10vw||false|false\u00a0\u00bb custom_padding_tablet=\u00a0\u00bb100px||100px||true\u00a0\u00bb custom_padding_phone=\u00a0\u00bb||||true\u00a0\u00bb bottom_divider_style=\u00a0\u00bbramp2&Prime; bottom_divider_height=\u00a0\u00bb250px\u00a0\u00bb bottom_divider_height_tablet=\u00a0\u00bb150px\u00a0\u00bb bottom_divider_height_phone=\u00a0\u00bb110px\u00a0\u00bb bottom_divider_height_last_edited=\u00a0\u00bbon|phone\u00a0\u00bb saved_tabs=\u00a0\u00bball\u00a0\u00bb locked=\u00a0\u00bboff\u00a0\u00bb global_colors_info=\u00a0\u00bb{}\u00a0\u00bb][et_pb_row _builder_version=\u00a0\u00bb4.16&Prime; global_colors_info=\u00a0\u00bb{}\u00a0\u00bb][et_pb_column type=\u00a0\u00bb4_4&Prime; _builder_version=\u00a0\u00bb4.16&Prime; custom_padding=\u00a0\u00bb|||\u00a0\u00bb global_colors_info=\u00a0\u00bb{}\u00a0\u00bb custom_padding__hover=\u00a0\u00bb|||\u00a0\u00bb][et_pb_text _builder_version=\u00a0\u00bb4.18.0&Prime; text_font=\u00a0\u00bbRoboto||||||||\u00a0\u00bb text_font_size=\u00a0\u00bb16px\u00a0\u00bb text_line_height=\u00a0\u00bb1.8em\u00a0\u00bb header_font=\u00a0\u00bbDays One|700|||||||\u00a0\u00bb header_text_align=\u00a0\u00bbcenter\u00a0\u00bb header_font_size=\u00a0\u00bb80px\u00a0\u00bb header_line_height=\u00a0\u00bb1.2em\u00a0\u00bb header_3_font=\u00a0\u00bbRoboto|700||on|||||\u00a0\u00bb header_3_text_align=\u00a0\u00bbcenter\u00a0\u00bb header_3_text_color=\u00a0\u00bb#ffffff\u00a0\u00bb header_3_font_size=\u00a0\u00bb20px\u00a0\u00bb header_3_letter_spacing=\u00a0\u00bb6px\u00a0\u00bb header_3_line_height=\u00a0\u00bb1.7em\u00a0\u00bb text_orientation=\u00a0\u00bbcenter\u00a0\u00bb background_layout=\u00a0\u00bbdark\u00a0\u00bb module_alignment=\u00a0\u00bbcenter\u00a0\u00bb custom_margin=\u00a0\u00bb||3px|||\u00a0\u00bb text_font_size_last_edited=\u00a0\u00bboff|desktop\u00a0\u00bb header_font_size_tablet=\u00a0\u00bb40px\u00a0\u00bb header_font_size_phone=\u00a0\u00bb32px\u00a0\u00bb header_font_size_last_edited=\u00a0\u00bbon|phone\u00a0\u00bb header_3_font_size_tablet=\u00a0\u00bb16px\u00a0\u00bb header_3_font_size_phone=\u00a0\u00bb14px\u00a0\u00bb header_3_font_size_last_edited=\u00a0\u00bbon|phone\u00a0\u00bb header_3_letter_spacing_tablet=\u00a0\u00bb5px\u00a0\u00bb header_3_letter_spacing_phone=\u00a0\u00bb\u00a0\u00bb header_3_letter_spacing_last_edited=\u00a0\u00bbon|tablet\u00a0\u00bb inline_fonts=\u00a0\u00bbDays One\u00a0\u00bb global_colors_info=\u00a0\u00bb{}\u00a0\u00bb]<\/p>\n<h1>Cas client<\/h1>\n<p>[\/et_pb_text][et_pb_image src=\u00a0\u00bbhttps:\/\/swawe.fr\/wp-content\/uploads\/2022\/12\/ARaymond-logo-300&#215;59.png\u00a0\u00bb alt=\u00a0\u00bbARaymond &#8211; cas client SWAWE\u00a0\u00bb title_text=\u00a0\u00bbARaymond &#8211; cas client SWAWE\u00a0\u00bb align=\u00a0\u00bbcenter\u00a0\u00bb _builder_version=\u00a0\u00bb4.18.0&Prime; _module_preset=\u00a0\u00bbdefault\u00a0\u00bb global_colors_info=\u00a0\u00bb{}\u00a0\u00bb][\/et_pb_image][et_pb_text _builder_version=\u00a0\u00bb4.18.0&Prime; _module_preset=\u00a0\u00bbdefault\u00a0\u00bb text_font=\u00a0\u00bb||||||||\u00a0\u00bb text_text_color=\u00a0\u00bb#FFFFFF\u00a0\u00bb text_orientation=\u00a0\u00bbcenter\u00a0\u00bb inline_fonts=\u00a0\u00bbDays One\u00a0\u00bb global_colors_info=\u00a0\u00bb{}\u00a0\u00bb]<\/p>\n<h2><span style=\"color: #ffffff;\">Maitrise int\u00e9grale du cycle de vie des autorisations SAP et bien plus !<br \/><\/span><\/h2>\n<p>[\/et_pb_text][\/et_pb_column][\/et_pb_row][\/et_pb_section][et_pb_section fb_built=\u00a0\u00bb1&Prime; _builder_version=\u00a0\u00bb4.18.0&Prime; background_enable_color=\u00a0\u00bboff\u00a0\u00bb module_alignment=\u00a0\u00bbcenter\u00a0\u00bb custom_padding=\u00a0\u00bb3px|0px|100px|0px||\u00a0\u00bb global_colors_info=\u00a0\u00bb{}\u00a0\u00bb][et_pb_row column_structure=\u00a0\u00bb2_5,3_5&Prime; use_custom_gutter=\u00a0\u00bbon\u00a0\u00bb gutter_width=\u00a0\u00bb2&Prime; _builder_version=\u00a0\u00bb4.16&Prime; max_width=\u00a0\u00bb1440px\u00a0\u00bb custom_padding=\u00a0\u00bb0px||0px||true\u00a0\u00bb use_custom_width=\u00a0\u00bbon\u00a0\u00bb custom_width_px=\u00a0\u00bb1440px\u00a0\u00bb global_colors_info=\u00a0\u00bb{}\u00a0\u00bb][et_pb_column type=\u00a0\u00bb2_5&Prime; _builder_version=\u00a0\u00bb4.18.0&Prime; _module_preset=\u00a0\u00bbdefault\u00a0\u00bb global_colors_info=\u00a0\u00bb{}\u00a0\u00bb][et_pb_text _builder_version=\u00a0\u00bb4.18.0&Prime; _module_preset=\u00a0\u00bbdefault\u00a0\u00bb text_text_color=\u00a0\u00bb#0B0D1D\u00a0\u00bb background_color=\u00a0\u00bb#f7f7f7&Prime; custom_margin=\u00a0\u00bb20px|0px|20px|0px|true|true\u00a0\u00bb custom_padding=\u00a0\u00bb20px|20px|20px|20px|true|true\u00a0\u00bb border_radii=\u00a0\u00bbon|10px|10px|10px|10px\u00a0\u00bb border_width_left=\u00a0\u00bb10px\u00a0\u00bb border_color_left=\u00a0\u00bb#31ADE4&Prime; box_shadow_style=\u00a0\u00bbpreset2&Prime; box_shadow_horizontal=\u00a0\u00bb-2px\u00a0\u00bb global_colors_info=\u00a0\u00bb{}\u00a0\u00bb]<\/p>\n<h3><span class=\"summary-title\" style=\"color: #000000;\">Industrie<\/span><\/h3>\n<p>Fabricant de produits pour la fixation dans les domaines de l&rsquo;automobile, la sant\u00e9, l&rsquo;agriculture, les \u00e9nergies renouvelables et l&rsquo;industrie.<\/p>\n<p><span style=\"color: #000000;\"><\/span><\/p>\n<h3><span class=\"summary-title\" style=\"color: #000000;\">Taille de la soci\u00e9t\u00e9<\/span><\/h3>\n<ul>\n<li><span style=\"color: #000000;\">7500 collaborateurs<\/span><\/li>\n<li><span style=\"color: #000000;\">29 usines<\/span><\/li>\n<li><span style=\"color: #000000;\">1,2mlrd CA en 2018<\/span><\/li>\n<\/ul>\n<p><span style=\"color: #000000;\"><\/span><\/p>\n<h3><span style=\"color: #000000;\">Pr\u00e9sence \u00e0 l&rsquo;international<\/span><\/h3>\n<p><span style=\"color: #000000;\">Pr\u00e9sent dans 25 pays<span class=\"summary-title\"><\/span><\/span><\/p>\n<p><span style=\"color: #000000;\"><\/span><\/p>\n<h3><span class=\"summary-title\" style=\"color: #000000;\">Cas d&rsquo;usage<\/span><\/h3>\n<p><span style=\"color: #000000;\">\u2705 SWAWE RISK<\/span><\/p>\n<p><span style=\"color: #000000;\">\u2705 SWAWE PAM<\/span><\/p>\n<p><span style=\"color: #000000;\">\u2705 SWAWE CCM<\/span><\/p>\n<p><span style=\"color: #000000;\">\u2705 SWAWE IAM<\/span><\/p>\n<h3><span style=\"color: #000000;\"><\/span><\/h3>\n<h3><span style=\"color: #000000;\">Principaux enjeux<\/span><\/h3>\n<ul class=\"cross\">\n<li><span style=\"color: #000000;\">Maitriser les risques SoD\u00a0<\/span><\/li>\n<li><span style=\"color: #000000;\">Automatiser le processus de gestion des utilisateurs SAP\u00a0<\/span><\/li>\n<\/ul>\n<p><span style=\"color: #000000;\"><\/span><\/p>\n<h3><span style=\"color: #000000;\">A propos de ARaymond<\/span><\/h3>\n<p><a href=\"https:\/\/www.araymond.com\/fr\" target=\"_blank\" rel=\"noopener\">ARaymond<\/a> est une soci\u00e9t\u00e9 industrielle fran\u00e7aise en commandite simple \u00e0 dimension internationale, cr\u00e9\u00e9e en 1865, qui fabrique et propose des produits pour la fixation dans les domaines de l&rsquo;automobile, la sant\u00e9, l&rsquo;agriculture, les \u00e9nergies renouvelables et l&rsquo;industrie.<\/p>\n<p>[\/et_pb_text][et_pb_button button_text=\u00a0\u00bbDemande de d\u00e9mo\u00a0\u00bb button_alignment=\u00a0\u00bbcenter\u00a0\u00bb _builder_version=\u00a0\u00bb4.18.0&Prime; custom_button=\u00a0\u00bbon\u00a0\u00bb button_text_size=\u00a0\u00bb14px\u00a0\u00bb button_text_color=\u00a0\u00bb#FFFFFF\u00a0\u00bb button_bg_use_color_gradient=\u00a0\u00bbon\u00a0\u00bb button_bg_color_gradient_direction=\u00a0\u00bb90deg\u00a0\u00bb button_bg_color_gradient_stops=\u00a0\u00bb#004899 0%|#33ace3 100%\u00a0\u00bb button_bg_color_gradient_start=\u00a0\u00bb#f7828e\u00a0\u00bb button_bg_color_gradient_end=\u00a0\u00bb#fcb6ab\u00a0\u00bb button_border_width=\u00a0\u00bb0px\u00a0\u00bb button_border_color=\u00a0\u00bbrgba(0,0,0,0)\u00a0\u00bb button_border_radius=\u00a0\u00bb4px\u00a0\u00bb button_letter_spacing=\u00a0\u00bb5px\u00a0\u00bb button_font=\u00a0\u00bbRoboto|700||on|||||\u00a0\u00bb background_layout=\u00a0\u00bbdark\u00a0\u00bb custom_margin=\u00a0\u00bb40px|20px|||false|false\u00a0\u00bb custom_padding=\u00a0\u00bb12px|34px|12px|34px|true|true\u00a0\u00bb button_letter_spacing_hover=\u00a0\u00bb5.5px\u00a0\u00bb global_colors_info=\u00a0\u00bb{}\u00a0\u00bb button_text_size__hover_enabled=\u00a0\u00bboff\u00a0\u00bb button_one_text_size__hover_enabled=\u00a0\u00bboff\u00a0\u00bb button_two_text_size__hover_enabled=\u00a0\u00bboff\u00a0\u00bb button_text_color__hover_enabled=\u00a0\u00bboff\u00a0\u00bb button_one_text_color__hover_enabled=\u00a0\u00bboff\u00a0\u00bb button_two_text_color__hover_enabled=\u00a0\u00bboff\u00a0\u00bb button_border_width__hover_enabled=\u00a0\u00bboff\u00a0\u00bb button_one_border_width__hover_enabled=\u00a0\u00bboff\u00a0\u00bb button_two_border_width__hover_enabled=\u00a0\u00bboff\u00a0\u00bb button_border_color__hover_enabled=\u00a0\u00bboff\u00a0\u00bb button_one_border_color__hover_enabled=\u00a0\u00bboff\u00a0\u00bb button_two_border_color__hover_enabled=\u00a0\u00bboff\u00a0\u00bb button_border_radius__hover_enabled=\u00a0\u00bboff\u00a0\u00bb button_one_border_radius__hover_enabled=\u00a0\u00bboff\u00a0\u00bb button_two_border_radius__hover_enabled=\u00a0\u00bboff\u00a0\u00bb button_letter_spacing__hover_enabled=\u00a0\u00bbon\u00a0\u00bb button_letter_spacing__hover=\u00a0\u00bb5.5px\u00a0\u00bb button_one_letter_spacing__hover_enabled=\u00a0\u00bboff\u00a0\u00bb button_two_letter_spacing__hover_enabled=\u00a0\u00bboff\u00a0\u00bb button_bg_color__hover_enabled=\u00a0\u00bboff\u00a0\u00bb button_one_bg_color__hover_enabled=\u00a0\u00bboff\u00a0\u00bb button_two_bg_color__hover_enabled=\u00a0\u00bboff\u00a0\u00bb][\/et_pb_button][\/et_pb_column][et_pb_column type=\u00a0\u00bb3_5&Prime; _builder_version=\u00a0\u00bb4.18.0&Prime; _module_preset=\u00a0\u00bbdefault\u00a0\u00bb global_colors_info=\u00a0\u00bb{}\u00a0\u00bb][et_pb_text _builder_version=\u00a0\u00bb4.18.0&Prime; text_font=\u00a0\u00bb||||||||\u00a0\u00bb text_text_color=\u00a0\u00bb#0B0D1D\u00a0\u00bb text_font_size=\u00a0\u00bb16px\u00a0\u00bb text_line_height=\u00a0\u00bb2em\u00a0\u00bb ul_font=\u00a0\u00bb||||||||\u00a0\u00bb header_font=\u00a0\u00bb||||||||\u00a0\u00bb header_2_font=\u00a0\u00bbRoboto|700|||||||\u00a0\u00bb header_2_text_color=\u00a0\u00bb#004899&Prime; header_2_font_size=\u00a0\u00bb45px\u00a0\u00bb header_2_line_height=\u00a0\u00bb1.2em\u00a0\u00bb header_3_font=\u00a0\u00bb||||||||\u00a0\u00bb header_3_text_color=\u00a0\u00bb#31ade4&Prime; max_width=\u00a0\u00bb800px\u00a0\u00bb max_width_last_edited=\u00a0\u00bboff|desktop\u00a0\u00bb module_alignment=\u00a0\u00bbcenter\u00a0\u00bb custom_margin=\u00a0\u00bb|||\u00a0\u00bb custom_padding=\u00a0\u00bb|||\u00a0\u00bb header_2_font_size_tablet=\u00a0\u00bb35px\u00a0\u00bb header_2_font_size_phone=\u00a0\u00bb28px\u00a0\u00bb header_2_font_size_last_edited=\u00a0\u00bbon|desktop\u00a0\u00bb global_colors_info=\u00a0\u00bb{}\u00a0\u00bb]<\/p>\n<p>&nbsp;<\/p>\n<h3 class=\"t-h1 u-uppercase u-relative u-force-3d u-overflow-h\"><span style=\"color: #33ace3;\">Challenges<\/span><\/h3>\n<p>RAYNET filiale du groupe ARaymond entreprend une d\u00e9marche d\u2019am\u00e9lioration continue de la s\u00e9curit\u00e9 SAP et souhaite la mise en \u0153uvre d\u2019un outil permettant de g\u00e9rer tout le cycle de vie des autorisations SAP.<span style=\"color: #33ace3;\"><\/span><\/p>\n<p>&nbsp;<\/p>\n<h3><span style=\"color: #33ace3;\"><\/span><\/h3>\n<h3><span style=\"color: #33ace3;\">Solution propos\u00e9e par SWAWE<\/span><\/h3>\n<p>Afin de pr\u00e9server un niveau de risques SoD acceptable et d\u2019automatiser les processus de gestion des utilisateurs SAP, la solution retenue \u00e0 la suite des diverses \u00e9tudes et maquettes r\u00e9alis\u00e9es consiste \u00e0 interfacer l\u2019outil GLPI avec SWAWE.<\/p>\n<p>Tous les modules de SWAWE sont successivement d\u00e9ploy\u00e9s pour r\u00e9pondre notamment aux contraintes r\u00e9glementaires fortes.<\/p>\n<p>&nbsp;<\/p>\n<h3><span style=\"color: #33ace3;\">R\u00e9sultats<\/span><\/h3>\n<p>Le module SWAWE Continuous Control Monitoring couvre non seulement l\u2019ensemble des contr\u00f4les compensatoires li\u00e9s aux risques SoD, mais \u00e9galement tous les contr\u00f4les li\u00e9s \u00e0 la loi SAPIN2.<\/p>\n<p>\u2714\ufe0f Cela permet aux contr\u00f4leurs internes de superviser l\u2019avancement de tous les contr\u00f4les dans les filiales du monde entier !<\/p>\n<p>Int\u00e9gration SWAWE avec GLPI pour automatiser la gestion des utilisateurs SAP :<\/p>\n<p><img loading=\"lazy\" decoding=\"async\" src=\"https:\/\/swawe.fr\/wp-content\/uploads\/2022\/12\/ARaymond-cas-client-visuel.png\" width=\"332\" height=\"201\" alt=\"\" class=\"wp-image-1088 aligncenter size-full\" srcset=\"https:\/\/swawe.fr\/wp-content\/uploads\/2022\/12\/ARaymond-cas-client-visuel.png 332w, https:\/\/swawe.fr\/wp-content\/uploads\/2022\/12\/ARaymond-cas-client-visuel-300x182.png 300w\" sizes=\"(max-width: 332px) 100vw, 332px\" \/><\/p>\n<h3><span style=\"color: #33ace3;\"><\/span><\/h3>\n<blockquote>\n<p><em><span style=\"color: #000000;\"><span class=\"m_928909877546229719ui-provider\"><i><span>\u00ab\u00a0Nous sommes particuli\u00e8rement satisfaits des \u00e9changes techniques et relationnels avec les \u00e9quipes de\u00a0<\/span><\/i><\/span><i><span>SECUREWAY &amp; SWAWE Labs<\/span><span class=\"m_928909877546229719ui-provider\"><span>. Les solutions propos\u00e9es sont toujours tr\u00e8s justes et adapt\u00e9es au contexte ARAYMOND, avec des d\u00e9veloppements sp\u00e9cifiques \u00e0 nos besoins particuliers, et des conseils \u00e9clair\u00e9s sur notre matrice des r\u00f4les SAP et les process associ\u00e9s. A ce jour la plateforme est un atout pour tous les SOD managers dans leurs activit\u00e9s de conformit\u00e9 et de contr\u00f4le\u00a0\u00bb<\/span><\/span><\/i><\/span><\/em><\/p>\n<p><span style=\"color: #31ade4;\">J\u00e9r\u00e9my LAVERDURE,<u><\/u><\/span><\/p>\n<p><span style=\"color: #31ade4;\">Responsable s\u00e9curit\u00e9 des syst\u00e8mes d\u2019information &#8211; ARAYMOND<\/span><\/p>\n<\/blockquote>\n<p>&nbsp;<\/p>\n<h3><span style=\"color: #33ace3;\">Chiffres clefs<\/span><\/h3>\n<ul>\n<li>390+ SWAWE Users<\/li>\n<li>2000+ sessions PAM par an<\/li>\n<li>1200+ analyses de risques<\/li>\n<li>8300+ contr\u00f4les effectu\u00e9s p\u00e9riodiquement pour les 22 d\u00e9clar\u00e9s<\/li>\n<li>7800+ utilisateurs sous contr\u00f4le<\/li>\n<li>40000+ r\u00f4les sous contr\u00f4le<\/li>\n<li>65% de r\u00e9duction des risques SoD<\/li>\n<li>100% des risques couverts par les contr\u00f4les compensatoires<\/li>\n<\/ul>\n<p>[\/et_pb_text][\/et_pb_column][\/et_pb_row][\/et_pb_section]<\/p>\n","protected":false},"excerpt":{"rendered":"<p>Cas clientMaitrise int\u00e9grale du cycle de vie des autorisations SAP et bien plus !Industrie Fabricant de produits pour la fixation dans les domaines de l&rsquo;automobile, la sant\u00e9, l&rsquo;agriculture, les \u00e9nergies renouvelables et l&rsquo;industrie. Taille de la soci\u00e9t\u00e9 7500 collaborateurs 29 usines 1,2mlrd CA en 2018 Pr\u00e9sence \u00e0 l&rsquo;international Pr\u00e9sent dans 25 pays Cas d&rsquo;usage \u2705 [&hellip;]<\/p>\n","protected":false},"author":5,"featured_media":0,"parent":0,"menu_order":0,"comment_status":"closed","ping_status":"closed","template":"","meta":{"_et_pb_use_builder":"on","_et_pb_old_content":"<!-- wp:divi\/placeholder \/-->","_et_gb_content_width":"","footnotes":""},"class_list":["post-1082","page","type-page","status-publish","hentry"],"yoast_head":"<!-- This site is optimized with the Yoast SEO plugin v27.4 - https:\/\/yoast.com\/product\/yoast-seo-wordpress\/ -->\n<title>Cas client ARaymond - Swawe<\/title>\n<meta name=\"robots\" content=\"index, follow, max-snippet:-1, max-image-preview:large, max-video-preview:-1\" \/>\n<link rel=\"canonical\" href=\"https:\/\/swawe.fr\/en\/cas-client-araymond\/\" \/>\n<meta property=\"og:locale\" content=\"en_US\" \/>\n<meta property=\"og:type\" content=\"article\" \/>\n<meta property=\"og:title\" content=\"Cas client ARaymond - Swawe\" \/>\n<meta property=\"og:description\" content=\"Cas clientMaitrise int\u00e9grale du cycle de vie des autorisations SAP et bien plus !Industrie Fabricant de produits pour la fixation dans les domaines de l&#039;automobile, la sant\u00e9, l&#039;agriculture, les \u00e9nergies renouvelables et l&#039;industrie. Taille de la soci\u00e9t\u00e9 7500 collaborateurs 29 usines 1,2mlrd CA en 2018 Pr\u00e9sence \u00e0 l&#039;international Pr\u00e9sent dans 25 pays Cas d&#039;usage \u2705 [&hellip;]\" \/>\n<meta property=\"og:url\" content=\"https:\/\/swawe.fr\/en\/cas-client-araymond\/\" \/>\n<meta property=\"og:site_name\" content=\"Swawe\" \/>\n<meta property=\"article:modified_time\" content=\"2023-02-14T11:15:49+00:00\" \/>\n<meta property=\"og:image\" content=\"https:\/\/swawe.fr\/wp-content\/uploads\/2022\/12\/ARaymond-cas-client-visuel.png\" \/>\n<meta name=\"twitter:card\" content=\"summary_large_image\" \/>\n<meta name=\"twitter:label1\" content=\"Est. reading time\" \/>\n\t<meta name=\"twitter:data1\" content=\"6 minutes\" \/>\n<script type=\"application\/ld+json\" class=\"yoast-schema-graph\">{\"@context\":\"https:\\\/\\\/schema.org\",\"@graph\":[{\"@type\":\"WebPage\",\"@id\":\"https:\\\/\\\/swawe.fr\\\/cas-client-araymond\\\/\",\"url\":\"https:\\\/\\\/swawe.fr\\\/cas-client-araymond\\\/\",\"name\":\"Cas client ARaymond - Swawe\",\"isPartOf\":{\"@id\":\"https:\\\/\\\/swawe.fr\\\/#website\"},\"primaryImageOfPage\":{\"@id\":\"https:\\\/\\\/swawe.fr\\\/cas-client-araymond\\\/#primaryimage\"},\"image\":{\"@id\":\"https:\\\/\\\/swawe.fr\\\/cas-client-araymond\\\/#primaryimage\"},\"thumbnailUrl\":\"https:\\\/\\\/swawe.fr\\\/wp-content\\\/uploads\\\/2022\\\/12\\\/ARaymond-cas-client-visuel.png\",\"datePublished\":\"2022-12-13T21:49:33+00:00\",\"dateModified\":\"2023-02-14T11:15:49+00:00\",\"breadcrumb\":{\"@id\":\"https:\\\/\\\/swawe.fr\\\/cas-client-araymond\\\/#breadcrumb\"},\"inLanguage\":\"en-US\",\"potentialAction\":[{\"@type\":\"ReadAction\",\"target\":[\"https:\\\/\\\/swawe.fr\\\/cas-client-araymond\\\/\"]}]},{\"@type\":\"ImageObject\",\"inLanguage\":\"en-US\",\"@id\":\"https:\\\/\\\/swawe.fr\\\/cas-client-araymond\\\/#primaryimage\",\"url\":\"https:\\\/\\\/swawe.fr\\\/wp-content\\\/uploads\\\/2022\\\/12\\\/ARaymond-cas-client-visuel.png\",\"contentUrl\":\"https:\\\/\\\/swawe.fr\\\/wp-content\\\/uploads\\\/2022\\\/12\\\/ARaymond-cas-client-visuel.png\"},{\"@type\":\"BreadcrumbList\",\"@id\":\"https:\\\/\\\/swawe.fr\\\/cas-client-araymond\\\/#breadcrumb\",\"itemListElement\":[{\"@type\":\"ListItem\",\"position\":1,\"name\":\"Accueil\",\"item\":\"https:\\\/\\\/swawe.fr\\\/\"},{\"@type\":\"ListItem\",\"position\":2,\"name\":\"Cas client ARaymond\"}]},{\"@type\":\"WebSite\",\"@id\":\"https:\\\/\\\/swawe.fr\\\/#website\",\"url\":\"https:\\\/\\\/swawe.fr\\\/\",\"name\":\"Swawe\",\"description\":\"Your Compliance Companion\",\"potentialAction\":[{\"@type\":\"SearchAction\",\"target\":{\"@type\":\"EntryPoint\",\"urlTemplate\":\"https:\\\/\\\/swawe.fr\\\/?s={search_term_string}\"},\"query-input\":{\"@type\":\"PropertyValueSpecification\",\"valueRequired\":true,\"valueName\":\"search_term_string\"}}],\"inLanguage\":\"en-US\"}]}<\/script>\n<!-- \/ Yoast SEO plugin. -->","yoast_head_json":{"title":"Cas client ARaymond - Swawe","robots":{"index":"index","follow":"follow","max-snippet":"max-snippet:-1","max-image-preview":"max-image-preview:large","max-video-preview":"max-video-preview:-1"},"canonical":"https:\/\/swawe.fr\/en\/cas-client-araymond\/","og_locale":"en_US","og_type":"article","og_title":"Cas client ARaymond - Swawe","og_description":"Cas clientMaitrise int\u00e9grale du cycle de vie des autorisations SAP et bien plus !Industrie Fabricant de produits pour la fixation dans les domaines de l'automobile, la sant\u00e9, l'agriculture, les \u00e9nergies renouvelables et l'industrie. Taille de la soci\u00e9t\u00e9 7500 collaborateurs 29 usines 1,2mlrd CA en 2018 Pr\u00e9sence \u00e0 l'international Pr\u00e9sent dans 25 pays Cas d'usage \u2705 [&hellip;]","og_url":"https:\/\/swawe.fr\/en\/cas-client-araymond\/","og_site_name":"Swawe","article_modified_time":"2023-02-14T11:15:49+00:00","og_image":[{"url":"https:\/\/swawe.fr\/wp-content\/uploads\/2022\/12\/ARaymond-cas-client-visuel.png","type":"","width":"","height":""}],"twitter_card":"summary_large_image","twitter_misc":{"Est. reading time":"6 minutes"},"schema":{"@context":"https:\/\/schema.org","@graph":[{"@type":"WebPage","@id":"https:\/\/swawe.fr\/cas-client-araymond\/","url":"https:\/\/swawe.fr\/cas-client-araymond\/","name":"Cas client ARaymond - Swawe","isPartOf":{"@id":"https:\/\/swawe.fr\/#website"},"primaryImageOfPage":{"@id":"https:\/\/swawe.fr\/cas-client-araymond\/#primaryimage"},"image":{"@id":"https:\/\/swawe.fr\/cas-client-araymond\/#primaryimage"},"thumbnailUrl":"https:\/\/swawe.fr\/wp-content\/uploads\/2022\/12\/ARaymond-cas-client-visuel.png","datePublished":"2022-12-13T21:49:33+00:00","dateModified":"2023-02-14T11:15:49+00:00","breadcrumb":{"@id":"https:\/\/swawe.fr\/cas-client-araymond\/#breadcrumb"},"inLanguage":"en-US","potentialAction":[{"@type":"ReadAction","target":["https:\/\/swawe.fr\/cas-client-araymond\/"]}]},{"@type":"ImageObject","inLanguage":"en-US","@id":"https:\/\/swawe.fr\/cas-client-araymond\/#primaryimage","url":"https:\/\/swawe.fr\/wp-content\/uploads\/2022\/12\/ARaymond-cas-client-visuel.png","contentUrl":"https:\/\/swawe.fr\/wp-content\/uploads\/2022\/12\/ARaymond-cas-client-visuel.png"},{"@type":"BreadcrumbList","@id":"https:\/\/swawe.fr\/cas-client-araymond\/#breadcrumb","itemListElement":[{"@type":"ListItem","position":1,"name":"Accueil","item":"https:\/\/swawe.fr\/"},{"@type":"ListItem","position":2,"name":"Cas client ARaymond"}]},{"@type":"WebSite","@id":"https:\/\/swawe.fr\/#website","url":"https:\/\/swawe.fr\/","name":"Swawe","description":"Your Compliance Companion","potentialAction":[{"@type":"SearchAction","target":{"@type":"EntryPoint","urlTemplate":"https:\/\/swawe.fr\/?s={search_term_string}"},"query-input":{"@type":"PropertyValueSpecification","valueRequired":true,"valueName":"search_term_string"}}],"inLanguage":"en-US"}]}},"_links":{"self":[{"href":"https:\/\/swawe.fr\/en\/wp-json\/wp\/v2\/pages\/1082","targetHints":{"allow":["GET"]}}],"collection":[{"href":"https:\/\/swawe.fr\/en\/wp-json\/wp\/v2\/pages"}],"about":[{"href":"https:\/\/swawe.fr\/en\/wp-json\/wp\/v2\/types\/page"}],"author":[{"embeddable":true,"href":"https:\/\/swawe.fr\/en\/wp-json\/wp\/v2\/users\/5"}],"replies":[{"embeddable":true,"href":"https:\/\/swawe.fr\/en\/wp-json\/wp\/v2\/comments?post=1082"}],"version-history":[{"count":12,"href":"https:\/\/swawe.fr\/en\/wp-json\/wp\/v2\/pages\/1082\/revisions"}],"predecessor-version":[{"id":1438,"href":"https:\/\/swawe.fr\/en\/wp-json\/wp\/v2\/pages\/1082\/revisions\/1438"}],"wp:attachment":[{"href":"https:\/\/swawe.fr\/en\/wp-json\/wp\/v2\/media?parent=1082"}],"curies":[{"name":"wp","href":"https:\/\/api.w.org\/{rel}","templated":true}]}}