{"id":1072,"date":"2022-12-13T15:36:19","date_gmt":"2022-12-13T15:36:19","guid":{"rendered":"https:\/\/swawe.fr\/?page_id=1072"},"modified":"2023-02-14T11:16:31","modified_gmt":"2023-02-14T11:16:31","slug":"cas-client-alcatel-submarine-networks-asn","status":"publish","type":"page","link":"https:\/\/swawe.fr\/en\/cas-client-alcatel-submarine-networks-asn\/","title":{"rendered":"Cas client Alcatel Submarine Networks (ASN)"},"content":{"rendered":"<p>[et_pb_section fb_built=\u00a0\u00bb1&Prime; custom_padding_last_edited=\u00a0\u00bbon|desktop\u00a0\u00bb next_background_color=\u00a0\u00bb#ffffff\u00a0\u00bb admin_label=\u00a0\u00bbHeader\u00a0\u00bb _builder_version=\u00a0\u00bb4.18.0&Prime; use_background_color_gradient=\u00a0\u00bbon\u00a0\u00bb background_color_gradient_direction=\u00a0\u00bb130deg\u00a0\u00bb background_color_gradient_stops=\u00a0\u00bb#004899 52%|#33ace3 100%\u00a0\u00bb background_color_gradient_start=\u00a0\u00bb#352597&Prime; background_color_gradient_end=\u00a0\u00bb#8686FF\u00a0\u00bb background_image=\u00a0\u00bbhttps:\/\/swawe.fr\/wp-content\/uploads\/2022\/12\/Alcatel_Submarine_Networks.jpeg\u00a0\u00bb custom_padding=\u00a0\u00bb7vw||10vw||false|false\u00a0\u00bb custom_padding_tablet=\u00a0\u00bb100px||100px||true\u00a0\u00bb custom_padding_phone=\u00a0\u00bb||||true\u00a0\u00bb bottom_divider_style=\u00a0\u00bbramp2&Prime; bottom_divider_height=\u00a0\u00bb250px\u00a0\u00bb bottom_divider_height_tablet=\u00a0\u00bb150px\u00a0\u00bb bottom_divider_height_phone=\u00a0\u00bb110px\u00a0\u00bb bottom_divider_height_last_edited=\u00a0\u00bbon|phone\u00a0\u00bb saved_tabs=\u00a0\u00bball\u00a0\u00bb locked=\u00a0\u00bboff\u00a0\u00bb global_colors_info=\u00a0\u00bb{}\u00a0\u00bb][et_pb_row _builder_version=\u00a0\u00bb4.16&Prime; global_colors_info=\u00a0\u00bb{}\u00a0\u00bb][et_pb_column type=\u00a0\u00bb4_4&Prime; _builder_version=\u00a0\u00bb4.16&Prime; custom_padding=\u00a0\u00bb|||\u00a0\u00bb global_colors_info=\u00a0\u00bb{}\u00a0\u00bb custom_padding__hover=\u00a0\u00bb|||\u00a0\u00bb][et_pb_text _builder_version=\u00a0\u00bb4.18.0&Prime; text_font=\u00a0\u00bbRoboto||||||||\u00a0\u00bb text_font_size=\u00a0\u00bb16px\u00a0\u00bb text_line_height=\u00a0\u00bb1.8em\u00a0\u00bb header_font=\u00a0\u00bbDays One|700|||||||\u00a0\u00bb header_text_align=\u00a0\u00bbcenter\u00a0\u00bb header_font_size=\u00a0\u00bb80px\u00a0\u00bb header_line_height=\u00a0\u00bb1.2em\u00a0\u00bb header_3_font=\u00a0\u00bbRoboto|700||on|||||\u00a0\u00bb header_3_text_align=\u00a0\u00bbcenter\u00a0\u00bb header_3_text_color=\u00a0\u00bb#ffffff\u00a0\u00bb header_3_font_size=\u00a0\u00bb20px\u00a0\u00bb header_3_letter_spacing=\u00a0\u00bb6px\u00a0\u00bb header_3_line_height=\u00a0\u00bb1.7em\u00a0\u00bb text_orientation=\u00a0\u00bbcenter\u00a0\u00bb background_layout=\u00a0\u00bbdark\u00a0\u00bb module_alignment=\u00a0\u00bbcenter\u00a0\u00bb custom_margin=\u00a0\u00bb||3px|||\u00a0\u00bb text_font_size_last_edited=\u00a0\u00bboff|desktop\u00a0\u00bb header_font_size_tablet=\u00a0\u00bb40px\u00a0\u00bb header_font_size_phone=\u00a0\u00bb32px\u00a0\u00bb header_font_size_last_edited=\u00a0\u00bbon|phone\u00a0\u00bb header_3_font_size_tablet=\u00a0\u00bb16px\u00a0\u00bb header_3_font_size_phone=\u00a0\u00bb14px\u00a0\u00bb header_3_font_size_last_edited=\u00a0\u00bbon|phone\u00a0\u00bb header_3_letter_spacing_tablet=\u00a0\u00bb5px\u00a0\u00bb header_3_letter_spacing_phone=\u00a0\u00bb\u00a0\u00bb header_3_letter_spacing_last_edited=\u00a0\u00bbon|tablet\u00a0\u00bb inline_fonts=\u00a0\u00bbDays One\u00a0\u00bb global_colors_info=\u00a0\u00bb{}\u00a0\u00bb]<\/p>\n<h1>Cas client<\/h1>\n<p>[\/et_pb_text][et_pb_image src=\u00a0\u00bbhttps:\/\/swawe.fr\/wp-content\/uploads\/2022\/12\/Cas-client-ASN-logo-300&#215;101.png\u00a0\u00bb alt=\u00a0\u00bbAlcatel Submarine Networks (ou ASN) &#8211; cas client\u00a0\u00bb title_text=\u00a0\u00bbCas client Alcatel Submarine Networks (ou ASN)\u00a0\u00bb align=\u00a0\u00bbcenter\u00a0\u00bb _builder_version=\u00a0\u00bb4.18.0&Prime; _module_preset=\u00a0\u00bbdefault\u00a0\u00bb global_colors_info=\u00a0\u00bb{}\u00a0\u00bb][\/et_pb_image][et_pb_text _builder_version=\u00a0\u00bb4.18.0&Prime; _module_preset=\u00a0\u00bbdefault\u00a0\u00bb text_font=\u00a0\u00bb||||||||\u00a0\u00bb text_text_color=\u00a0\u00bb#FFFFFF\u00a0\u00bb text_orientation=\u00a0\u00bbcenter\u00a0\u00bb inline_fonts=\u00a0\u00bbDays One\u00a0\u00bb global_colors_info=\u00a0\u00bb{}\u00a0\u00bb]<\/p>\n<h2><span style=\"color: #ffffff;\"><b>Une longueur d\u2019avance dans la pr\u00e9paration des audits SOX !<\/b><\/span><\/h2>\n<p>[\/et_pb_text][\/et_pb_column][\/et_pb_row][\/et_pb_section][et_pb_section fb_built=\u00a0\u00bb1&Prime; _builder_version=\u00a0\u00bb4.18.0&Prime; background_enable_color=\u00a0\u00bboff\u00a0\u00bb module_alignment=\u00a0\u00bbcenter\u00a0\u00bb custom_padding=\u00a0\u00bb3px|0px|100px|0px||\u00a0\u00bb global_colors_info=\u00a0\u00bb{}\u00a0\u00bb][et_pb_row column_structure=\u00a0\u00bb2_5,3_5&Prime; use_custom_gutter=\u00a0\u00bbon\u00a0\u00bb gutter_width=\u00a0\u00bb2&Prime; _builder_version=\u00a0\u00bb4.16&Prime; max_width=\u00a0\u00bb1440px\u00a0\u00bb custom_padding=\u00a0\u00bb0px||0px||true\u00a0\u00bb use_custom_width=\u00a0\u00bbon\u00a0\u00bb custom_width_px=\u00a0\u00bb1440px\u00a0\u00bb global_colors_info=\u00a0\u00bb{}\u00a0\u00bb][et_pb_column type=\u00a0\u00bb2_5&Prime; _builder_version=\u00a0\u00bb4.18.0&Prime; _module_preset=\u00a0\u00bbdefault\u00a0\u00bb global_colors_info=\u00a0\u00bb{}\u00a0\u00bb][et_pb_text _builder_version=\u00a0\u00bb4.18.0&Prime; _module_preset=\u00a0\u00bbdefault\u00a0\u00bb text_text_color=\u00a0\u00bb#0B0D1D\u00a0\u00bb background_color=\u00a0\u00bb#f7f7f7&Prime; custom_margin=\u00a0\u00bb20px|0px|20px|0px|true|true\u00a0\u00bb custom_padding=\u00a0\u00bb20px|20px|20px|20px|true|true\u00a0\u00bb border_radii=\u00a0\u00bbon|10px|10px|10px|10px\u00a0\u00bb border_width_left=\u00a0\u00bb10px\u00a0\u00bb border_color_left=\u00a0\u00bb#31ADE4&Prime; box_shadow_style=\u00a0\u00bbpreset2&Prime; box_shadow_horizontal=\u00a0\u00bb-2px\u00a0\u00bb global_colors_info=\u00a0\u00bb{}\u00a0\u00bb]<\/p>\n<h3><span class=\"summary-title\" style=\"color: #000000;\">Industrie<\/span><\/h3>\n<p>Alcatel Submarine Networks (ou ASN) est un des leaders mondiaux de la fabrication et de la pose de c\u00e2bles sous-marins.<span style=\"color: #000000;\"><\/span><span style=\"color: #000000;\"><\/span><\/p>\n<h3><span class=\"summary-title\" style=\"color: #000000;\">Cas d&rsquo;usage<\/span><\/h3>\n<p><span style=\"color: #000000;\">\u2705 SWAWE RISK<\/span><\/p>\n<p><span style=\"color: #000000;\">\u2705 SWAWE PAM<\/span><\/p>\n<p>&nbsp;<\/p>\n<h3><\/h3>\n<h3><span style=\"color: #000000;\">Principaux enjeux<\/span><\/h3>\n<ul class=\"cross\">\n<li><span style=\"color: #000000;\">Respect de SOX et maitrise des risques SoD<\/span><\/li>\n<li><span style=\"color: #000000;\">Remplacer un logiciel plus maintenu\u00a0<\/span><\/li>\n<\/ul>\n<p><span style=\"color: #000000;\"><\/span><\/p>\n<h3><span style=\"color: #000000;\">A propos de Alcatel Submarine Networks (ou ASN)<\/span><\/h3>\n<p><a href=\"https:\/\/web.asn.com\/en\/\" target=\"_blank\" rel=\"noopener\">Alcatel Submarine Networks (ou ASN)<\/a> est une entreprise fran\u00e7aise appartenant au groupe finlandais Nokia via sa filiale fran\u00e7aise Nokia France (ex Alcatel-Lucent) depuis 2016 et un des leaders mondiaux de la fabrication et de la pose de c\u00e2bles sous-marins.<\/p>\n<p>ASN con\u00e7oit, fabrique, pose et assure la maintenance des c\u00e2bles sous-marins et des \u00e9quipements connexes, avec ses propres bateaux pour faire passer la fibre optique partout autour du globe.<\/p>\n<p>[\/et_pb_text][et_pb_button button_text=\u00a0\u00bbDemande de d\u00e9mo\u00a0\u00bb button_alignment=\u00a0\u00bbcenter\u00a0\u00bb _builder_version=\u00a0\u00bb4.18.0&Prime; custom_button=\u00a0\u00bbon\u00a0\u00bb button_text_size=\u00a0\u00bb14px\u00a0\u00bb button_text_color=\u00a0\u00bb#FFFFFF\u00a0\u00bb button_bg_use_color_gradient=\u00a0\u00bbon\u00a0\u00bb button_bg_color_gradient_direction=\u00a0\u00bb90deg\u00a0\u00bb button_bg_color_gradient_stops=\u00a0\u00bb#004899 0%|#33ace3 100%\u00a0\u00bb button_bg_color_gradient_start=\u00a0\u00bb#f7828e\u00a0\u00bb button_bg_color_gradient_end=\u00a0\u00bb#fcb6ab\u00a0\u00bb button_border_width=\u00a0\u00bb0px\u00a0\u00bb button_border_color=\u00a0\u00bbrgba(0,0,0,0)\u00a0\u00bb button_border_radius=\u00a0\u00bb4px\u00a0\u00bb button_letter_spacing=\u00a0\u00bb5px\u00a0\u00bb button_font=\u00a0\u00bbRoboto|700||on|||||\u00a0\u00bb background_layout=\u00a0\u00bbdark\u00a0\u00bb custom_margin=\u00a0\u00bb40px|20px|||false|false\u00a0\u00bb custom_padding=\u00a0\u00bb12px|34px|12px|34px|true|true\u00a0\u00bb button_letter_spacing_hover=\u00a0\u00bb5.5px\u00a0\u00bb global_colors_info=\u00a0\u00bb{}\u00a0\u00bb button_text_size__hover_enabled=\u00a0\u00bboff\u00a0\u00bb button_one_text_size__hover_enabled=\u00a0\u00bboff\u00a0\u00bb button_two_text_size__hover_enabled=\u00a0\u00bboff\u00a0\u00bb button_text_color__hover_enabled=\u00a0\u00bboff\u00a0\u00bb button_one_text_color__hover_enabled=\u00a0\u00bboff\u00a0\u00bb button_two_text_color__hover_enabled=\u00a0\u00bboff\u00a0\u00bb button_border_width__hover_enabled=\u00a0\u00bboff\u00a0\u00bb button_one_border_width__hover_enabled=\u00a0\u00bboff\u00a0\u00bb button_two_border_width__hover_enabled=\u00a0\u00bboff\u00a0\u00bb button_border_color__hover_enabled=\u00a0\u00bboff\u00a0\u00bb button_one_border_color__hover_enabled=\u00a0\u00bboff\u00a0\u00bb button_two_border_color__hover_enabled=\u00a0\u00bboff\u00a0\u00bb button_border_radius__hover_enabled=\u00a0\u00bboff\u00a0\u00bb button_one_border_radius__hover_enabled=\u00a0\u00bboff\u00a0\u00bb button_two_border_radius__hover_enabled=\u00a0\u00bboff\u00a0\u00bb button_letter_spacing__hover_enabled=\u00a0\u00bbon\u00a0\u00bb button_letter_spacing__hover=\u00a0\u00bb5.5px\u00a0\u00bb button_one_letter_spacing__hover_enabled=\u00a0\u00bboff\u00a0\u00bb button_two_letter_spacing__hover_enabled=\u00a0\u00bboff\u00a0\u00bb button_bg_color__hover_enabled=\u00a0\u00bboff\u00a0\u00bb button_one_bg_color__hover_enabled=\u00a0\u00bboff\u00a0\u00bb button_two_bg_color__hover_enabled=\u00a0\u00bboff\u00a0\u00bb][\/et_pb_button][\/et_pb_column][et_pb_column type=\u00a0\u00bb3_5&Prime; _builder_version=\u00a0\u00bb4.18.0&Prime; _module_preset=\u00a0\u00bbdefault\u00a0\u00bb global_colors_info=\u00a0\u00bb{}\u00a0\u00bb][et_pb_text _builder_version=\u00a0\u00bb4.18.0&Prime; text_font=\u00a0\u00bb||||||||\u00a0\u00bb text_text_color=\u00a0\u00bb#0B0D1D\u00a0\u00bb text_font_size=\u00a0\u00bb16px\u00a0\u00bb text_line_height=\u00a0\u00bb2em\u00a0\u00bb ul_font=\u00a0\u00bb||||||||\u00a0\u00bb header_font=\u00a0\u00bb||||||||\u00a0\u00bb header_text_color=\u00a0\u00bb#31ADE4&Prime; header_2_font=\u00a0\u00bbRoboto|700|||||||\u00a0\u00bb header_2_text_color=\u00a0\u00bb#004899&Prime; header_2_font_size=\u00a0\u00bb45px\u00a0\u00bb header_2_line_height=\u00a0\u00bb1.2em\u00a0\u00bb header_3_font=\u00a0\u00bb||||||||\u00a0\u00bb header_3_text_color=\u00a0\u00bb#31ade4&Prime; max_width=\u00a0\u00bb800px\u00a0\u00bb max_width_last_edited=\u00a0\u00bboff|desktop\u00a0\u00bb module_alignment=\u00a0\u00bbcenter\u00a0\u00bb custom_margin=\u00a0\u00bb|||\u00a0\u00bb custom_padding=\u00a0\u00bb|||\u00a0\u00bb header_2_font_size_tablet=\u00a0\u00bb35px\u00a0\u00bb header_2_font_size_phone=\u00a0\u00bb28px\u00a0\u00bb header_2_font_size_last_edited=\u00a0\u00bbon|desktop\u00a0\u00bb global_colors_info=\u00a0\u00bb{}\u00a0\u00bb]<\/p>\n<h3 class=\"t-h1 u-uppercase u-relative u-force-3d u-overflow-h\"><span style=\"color: #33ace3;\"><\/span><\/h3>\n<h3 class=\"t-h1 u-uppercase u-relative u-force-3d u-overflow-h\">Challenges<span style=\"color: #33ace3;\"><\/span><\/h3>\n<p>NOKIA \u00e9tant cot\u00e9 \u00e0 Wall Street, toutes les soci\u00e9t\u00e9s du groupe se doivent de respecter la loi Sarbanes-Oxley : c\u2019est dans ce contexte qu\u2019ASN g\u00e9rait ses risques de s\u00e9paration des t\u00e2ches avec une solution qui n\u2019\u00e9tait plus maintenue par l\u2019\u00e9diteur et dont les analyses prenaient plusieurs jours !<\/p>\n<h3><span style=\"color: #33ace3;\"><\/span><\/h3>\n<h3><span style=\"color: #33ace3;\">Solution propos\u00e9e par SWAWE<\/span><\/h3>\n<p>La proposition de valeur ajout\u00e9e du module de gestion des risques de SWAWE a permis de r\u00e9pondre \u00e0 ce besoin et l\u2019interface avec l\u2019IAM pour les simulations SOD int\u00e9gr\u00e9es dans le flux de gestion des identit\u00e9s \u00e9tait une \u00e9vidence.<\/p>\n<p>Pour s\u00e9curiser les interventions des consultants et experts SAP de la DSI, le module SWAWE Privilege Access Management permet \u00e9galement de maitriser, contr\u00f4ler et justifier chaque intervention d\u2019urgence en production.<\/p>\n<p>Cet ensemble est un atout majeur garantissant de passer plus sereinement les nombreuses campagnes d\u2019audit SOX effectu\u00e9es par des auditeurs internes et externes plusieurs fois par ann\u00e9e, d\u2019ailleurs, SWAWE est rentr\u00e9 dans le p\u00e9rim\u00e8tre SOX en 2021 chez ASN !<\/p>\n<p>Int\u00e9gration SWAWE avec SAILPOINT Identity IQ pour disposer d\u2019analyses de risques dans le flux de gestion des identit\u00e9s :<\/p>\n<p>&nbsp;<\/p>\n<p><img loading=\"lazy\" decoding=\"async\" src=\"https:\/\/swawe.fr\/wp-content\/uploads\/2022\/12\/ASN-cas-client-1024x521.png\" width=\"1024\" height=\"521\" alt=\"ASN cas client\" class=\"wp-image-1076 aligncenter size-large\" srcset=\"https:\/\/swawe.fr\/wp-content\/uploads\/2022\/12\/ASN-cas-client-980x499.png 980w, https:\/\/swawe.fr\/wp-content\/uploads\/2022\/12\/ASN-cas-client-480x244.png 480w\" sizes=\"(min-width: 0px) and (max-width: 480px) 480px, (min-width: 481px) and (max-width: 980px) 980px, (min-width: 981px) 1024px, 100vw\" \/><\/p>\n<h3><span style=\"color: #33ace3;\"><\/span><\/h3>\n<blockquote>\n<p style=\"font-weight: 400;\"><em>\u00ab Plus de 4 ans de coop\u00e9ration fructueuse avec Gr\u00e9gory nous ont permis de faire \u00e9voluer notre gestion de la s\u00e9curit\u00e9 dans SAP et du SOD pour plus de 1500 utilisateurs.\u00a0<\/em><\/p>\n<p style=\"font-weight: 400;\"><em>Depuis l\u2019adoption de SWAWE pour la gestion de nos risques et de nos \u00ab\u00a0Emergency Access\u00a0\u00bb, nos audits internes et externes sont grandement fiabilis\u00e9s\u00a0!\u00a0\u00bb<\/em><\/p>\n<p style=\"font-weight: 400;\"><span style=\"color: #31ade4;\"><em>Pierre-Yves RAPIDEL,<\/em><\/span><\/p>\n<p style=\"font-weight: 400;\"><span style=\"color: #31ade4;\"><em>Responsable SAP Authorization Team \u2013 Alcatel Submarine Networks<\/em><\/span><\/p>\n<\/blockquote>\n<p>&nbsp;<\/p>\n<h3><span style=\"color: #33ace3;\">Chiffres clefs<\/span><\/h3>\n<ul>\n<li>977 sessions PAM<\/li>\n<li>220+ analyses de risques<\/li>\n<li>2100+ utilisateurs sous contr\u00f4le<\/li>\n<li>3800+ r\u00f4les sous contr\u00f4le<\/li>\n<li>69% de r\u00e9duction des risques SOD<\/li>\n<li>9% d\u2019utilisateurs SAP disposent de conflits SOD<\/li>\n<li>100% des risques couverts par les contr\u00f4les compensatoires<\/li>\n<\/ul>\n<p>&nbsp;<\/p>\n<h3>Et apr\u00e8s ?<\/h3>\n<p>Planification de l\u2019upgrade de SWAWE dans les respects des contraintes SOX et possible impl\u00e9mentation du module Continuous Control Monitoring suivie peut-\u00eatre d\u2019une int\u00e9gration Microsoft365 ?<\/p>\n<p>[\/et_pb_text][\/et_pb_column][\/et_pb_row][\/et_pb_section]<\/p>\n","protected":false},"excerpt":{"rendered":"<p>Cas clientUne longueur d\u2019avance dans la pr\u00e9paration des audits SOX !Industrie Alcatel Submarine Networks (ou ASN) est un des leaders mondiaux de la fabrication et de la pose de c\u00e2bles sous-marins. Cas d&rsquo;usage \u2705 SWAWE RISK \u2705 SWAWE PAM &nbsp; Principaux enjeux Respect de SOX et maitrise des risques SoD Remplacer un logiciel plus maintenu\u00a0 [&hellip;]<\/p>\n","protected":false},"author":5,"featured_media":0,"parent":0,"menu_order":0,"comment_status":"closed","ping_status":"closed","template":"","meta":{"_et_pb_use_builder":"on","_et_pb_old_content":"<!-- wp:divi\/placeholder \/-->","_et_gb_content_width":"","footnotes":""},"class_list":["post-1072","page","type-page","status-publish","hentry"],"yoast_head":"<!-- This site is optimized with the Yoast SEO plugin v27.1.1 - https:\/\/yoast.com\/product\/yoast-seo-wordpress\/ -->\n<title>Cas client Alcatel Submarine Networks (ASN) - Swawe<\/title>\n<meta name=\"robots\" content=\"index, follow, max-snippet:-1, max-image-preview:large, max-video-preview:-1\" \/>\n<link rel=\"canonical\" href=\"https:\/\/swawe.fr\/en\/cas-client-alcatel-submarine-networks-asn\/\" \/>\n<meta property=\"og:locale\" content=\"en_US\" \/>\n<meta property=\"og:type\" content=\"article\" \/>\n<meta property=\"og:title\" content=\"Cas client Alcatel Submarine Networks (ASN) - Swawe\" \/>\n<meta property=\"og:description\" content=\"Cas clientUne longueur d\u2019avance dans la pr\u00e9paration des audits SOX !Industrie Alcatel Submarine Networks (ou ASN) est un des leaders mondiaux de la fabrication et de la pose de c\u00e2bles sous-marins. Cas d&#039;usage \u2705 SWAWE RISK \u2705 SWAWE PAM &nbsp; Principaux enjeux Respect de SOX et maitrise des risques SoD Remplacer un logiciel plus maintenu\u00a0 [&hellip;]\" \/>\n<meta property=\"og:url\" content=\"https:\/\/swawe.fr\/en\/cas-client-alcatel-submarine-networks-asn\/\" \/>\n<meta property=\"og:site_name\" content=\"Swawe\" \/>\n<meta property=\"article:modified_time\" content=\"2023-02-14T11:16:31+00:00\" \/>\n<meta property=\"og:image\" content=\"https:\/\/swawe.fr\/wp-content\/uploads\/2022\/12\/ASN-cas-client-1024x521.png\" \/>\n<meta name=\"twitter:card\" content=\"summary_large_image\" \/>\n<meta name=\"twitter:label1\" content=\"Est. reading time\" \/>\n\t<meta name=\"twitter:data1\" content=\"7 minutes\" \/>\n<script type=\"application\/ld+json\" class=\"yoast-schema-graph\">{\"@context\":\"https:\/\/schema.org\",\"@graph\":[{\"@type\":\"WebPage\",\"@id\":\"https:\/\/swawe.fr\/cas-client-alcatel-submarine-networks-asn\/\",\"url\":\"https:\/\/swawe.fr\/cas-client-alcatel-submarine-networks-asn\/\",\"name\":\"Cas client Alcatel Submarine Networks (ASN) - Swawe\",\"isPartOf\":{\"@id\":\"https:\/\/swawe.fr\/#website\"},\"primaryImageOfPage\":{\"@id\":\"https:\/\/swawe.fr\/cas-client-alcatel-submarine-networks-asn\/#primaryimage\"},\"image\":{\"@id\":\"https:\/\/swawe.fr\/cas-client-alcatel-submarine-networks-asn\/#primaryimage\"},\"thumbnailUrl\":\"https:\/\/swawe.fr\/wp-content\/uploads\/2022\/12\/ASN-cas-client-1024x521.png\",\"datePublished\":\"2022-12-13T15:36:19+00:00\",\"dateModified\":\"2023-02-14T11:16:31+00:00\",\"breadcrumb\":{\"@id\":\"https:\/\/swawe.fr\/cas-client-alcatel-submarine-networks-asn\/#breadcrumb\"},\"inLanguage\":\"en-US\",\"potentialAction\":[{\"@type\":\"ReadAction\",\"target\":[\"https:\/\/swawe.fr\/cas-client-alcatel-submarine-networks-asn\/\"]}]},{\"@type\":\"ImageObject\",\"inLanguage\":\"en-US\",\"@id\":\"https:\/\/swawe.fr\/cas-client-alcatel-submarine-networks-asn\/#primaryimage\",\"url\":\"https:\/\/swawe.fr\/wp-content\/uploads\/2022\/12\/ASN-cas-client-1024x521.png\",\"contentUrl\":\"https:\/\/swawe.fr\/wp-content\/uploads\/2022\/12\/ASN-cas-client-1024x521.png\"},{\"@type\":\"BreadcrumbList\",\"@id\":\"https:\/\/swawe.fr\/cas-client-alcatel-submarine-networks-asn\/#breadcrumb\",\"itemListElement\":[{\"@type\":\"ListItem\",\"position\":1,\"name\":\"Accueil\",\"item\":\"https:\/\/swawe.fr\/\"},{\"@type\":\"ListItem\",\"position\":2,\"name\":\"Cas client Alcatel Submarine Networks (ASN)\"}]},{\"@type\":\"WebSite\",\"@id\":\"https:\/\/swawe.fr\/#website\",\"url\":\"https:\/\/swawe.fr\/\",\"name\":\"Swawe\",\"description\":\"Your Compliance Companion\",\"potentialAction\":[{\"@type\":\"SearchAction\",\"target\":{\"@type\":\"EntryPoint\",\"urlTemplate\":\"https:\/\/swawe.fr\/?s={search_term_string}\"},\"query-input\":{\"@type\":\"PropertyValueSpecification\",\"valueRequired\":true,\"valueName\":\"search_term_string\"}}],\"inLanguage\":\"en-US\"}]}<\/script>\n<!-- \/ Yoast SEO plugin. -->","yoast_head_json":{"title":"Cas client Alcatel Submarine Networks (ASN) - Swawe","robots":{"index":"index","follow":"follow","max-snippet":"max-snippet:-1","max-image-preview":"max-image-preview:large","max-video-preview":"max-video-preview:-1"},"canonical":"https:\/\/swawe.fr\/en\/cas-client-alcatel-submarine-networks-asn\/","og_locale":"en_US","og_type":"article","og_title":"Cas client Alcatel Submarine Networks (ASN) - Swawe","og_description":"Cas clientUne longueur d\u2019avance dans la pr\u00e9paration des audits SOX !Industrie Alcatel Submarine Networks (ou ASN) est un des leaders mondiaux de la fabrication et de la pose de c\u00e2bles sous-marins. Cas d'usage \u2705 SWAWE RISK \u2705 SWAWE PAM &nbsp; Principaux enjeux Respect de SOX et maitrise des risques SoD Remplacer un logiciel plus maintenu\u00a0 [&hellip;]","og_url":"https:\/\/swawe.fr\/en\/cas-client-alcatel-submarine-networks-asn\/","og_site_name":"Swawe","article_modified_time":"2023-02-14T11:16:31+00:00","og_image":[{"url":"https:\/\/swawe.fr\/wp-content\/uploads\/2022\/12\/ASN-cas-client-1024x521.png","type":"","width":"","height":""}],"twitter_card":"summary_large_image","twitter_misc":{"Est. reading time":"7 minutes"},"schema":{"@context":"https:\/\/schema.org","@graph":[{"@type":"WebPage","@id":"https:\/\/swawe.fr\/cas-client-alcatel-submarine-networks-asn\/","url":"https:\/\/swawe.fr\/cas-client-alcatel-submarine-networks-asn\/","name":"Cas client Alcatel Submarine Networks (ASN) - Swawe","isPartOf":{"@id":"https:\/\/swawe.fr\/#website"},"primaryImageOfPage":{"@id":"https:\/\/swawe.fr\/cas-client-alcatel-submarine-networks-asn\/#primaryimage"},"image":{"@id":"https:\/\/swawe.fr\/cas-client-alcatel-submarine-networks-asn\/#primaryimage"},"thumbnailUrl":"https:\/\/swawe.fr\/wp-content\/uploads\/2022\/12\/ASN-cas-client-1024x521.png","datePublished":"2022-12-13T15:36:19+00:00","dateModified":"2023-02-14T11:16:31+00:00","breadcrumb":{"@id":"https:\/\/swawe.fr\/cas-client-alcatel-submarine-networks-asn\/#breadcrumb"},"inLanguage":"en-US","potentialAction":[{"@type":"ReadAction","target":["https:\/\/swawe.fr\/cas-client-alcatel-submarine-networks-asn\/"]}]},{"@type":"ImageObject","inLanguage":"en-US","@id":"https:\/\/swawe.fr\/cas-client-alcatel-submarine-networks-asn\/#primaryimage","url":"https:\/\/swawe.fr\/wp-content\/uploads\/2022\/12\/ASN-cas-client-1024x521.png","contentUrl":"https:\/\/swawe.fr\/wp-content\/uploads\/2022\/12\/ASN-cas-client-1024x521.png"},{"@type":"BreadcrumbList","@id":"https:\/\/swawe.fr\/cas-client-alcatel-submarine-networks-asn\/#breadcrumb","itemListElement":[{"@type":"ListItem","position":1,"name":"Accueil","item":"https:\/\/swawe.fr\/"},{"@type":"ListItem","position":2,"name":"Cas client Alcatel Submarine Networks (ASN)"}]},{"@type":"WebSite","@id":"https:\/\/swawe.fr\/#website","url":"https:\/\/swawe.fr\/","name":"Swawe","description":"Your Compliance Companion","potentialAction":[{"@type":"SearchAction","target":{"@type":"EntryPoint","urlTemplate":"https:\/\/swawe.fr\/?s={search_term_string}"},"query-input":{"@type":"PropertyValueSpecification","valueRequired":true,"valueName":"search_term_string"}}],"inLanguage":"en-US"}]}},"_links":{"self":[{"href":"https:\/\/swawe.fr\/en\/wp-json\/wp\/v2\/pages\/1072","targetHints":{"allow":["GET"]}}],"collection":[{"href":"https:\/\/swawe.fr\/en\/wp-json\/wp\/v2\/pages"}],"about":[{"href":"https:\/\/swawe.fr\/en\/wp-json\/wp\/v2\/types\/page"}],"author":[{"embeddable":true,"href":"https:\/\/swawe.fr\/en\/wp-json\/wp\/v2\/users\/5"}],"replies":[{"embeddable":true,"href":"https:\/\/swawe.fr\/en\/wp-json\/wp\/v2\/comments?post=1072"}],"version-history":[{"count":12,"href":"https:\/\/swawe.fr\/en\/wp-json\/wp\/v2\/pages\/1072\/revisions"}],"predecessor-version":[{"id":1439,"href":"https:\/\/swawe.fr\/en\/wp-json\/wp\/v2\/pages\/1072\/revisions\/1439"}],"wp:attachment":[{"href":"https:\/\/swawe.fr\/en\/wp-json\/wp\/v2\/media?parent=1072"}],"curies":[{"name":"wp","href":"https:\/\/api.w.org\/{rel}","templated":true}]}}