{"id":1050,"date":"2022-12-13T09:57:14","date_gmt":"2022-12-13T09:57:14","guid":{"rendered":"https:\/\/swawe.fr\/?page_id=1050"},"modified":"2023-02-14T11:14:59","modified_gmt":"2023-02-14T11:14:59","slug":"cas-client-adova","status":"publish","type":"page","link":"https:\/\/swawe.fr\/en\/cas-client-adova\/","title":{"rendered":"Cas client ADOVA"},"content":{"rendered":"<p>[et_pb_section fb_built=\u00a0\u00bb1&Prime; custom_padding_last_edited=\u00a0\u00bbon|desktop\u00a0\u00bb next_background_color=\u00a0\u00bb#ffffff\u00a0\u00bb admin_label=\u00a0\u00bbHeader\u00a0\u00bb _builder_version=\u00a0\u00bb4.18.0&Prime; use_background_color_gradient=\u00a0\u00bbon\u00a0\u00bb background_color_gradient_direction=\u00a0\u00bb130deg\u00a0\u00bb background_color_gradient_stops=\u00a0\u00bb#004899 52%|#33ace3 100%\u00a0\u00bb background_color_gradient_start=\u00a0\u00bb#352597&Prime; background_color_gradient_end=\u00a0\u00bb#8686FF\u00a0\u00bb background_image=\u00a0\u00bbhttps:\/\/swawe.fr\/wp-content\/uploads\/2023\/02\/Simmons-Generation-up-5168.png\u00a0\u00bb custom_padding=\u00a0\u00bb7vw||10vw||false|false\u00a0\u00bb custom_padding_tablet=\u00a0\u00bb100px||100px||true\u00a0\u00bb custom_padding_phone=\u00a0\u00bb||||true\u00a0\u00bb bottom_divider_style=\u00a0\u00bbramp2&Prime; bottom_divider_height=\u00a0\u00bb250px\u00a0\u00bb bottom_divider_height_tablet=\u00a0\u00bb150px\u00a0\u00bb bottom_divider_height_phone=\u00a0\u00bb110px\u00a0\u00bb bottom_divider_height_last_edited=\u00a0\u00bbon|phone\u00a0\u00bb saved_tabs=\u00a0\u00bball\u00a0\u00bb locked=\u00a0\u00bboff\u00a0\u00bb global_colors_info=\u00a0\u00bb{}\u00a0\u00bb][et_pb_row _builder_version=\u00a0\u00bb4.16&Prime; global_colors_info=\u00a0\u00bb{}\u00a0\u00bb][et_pb_column type=\u00a0\u00bb4_4&Prime; _builder_version=\u00a0\u00bb4.16&Prime; custom_padding=\u00a0\u00bb|||\u00a0\u00bb global_colors_info=\u00a0\u00bb{}\u00a0\u00bb custom_padding__hover=\u00a0\u00bb|||\u00a0\u00bb][et_pb_text _builder_version=\u00a0\u00bb4.18.0&Prime; text_font=\u00a0\u00bbRoboto||||||||\u00a0\u00bb text_font_size=\u00a0\u00bb16px\u00a0\u00bb text_line_height=\u00a0\u00bb1.8em\u00a0\u00bb header_font=\u00a0\u00bbDays One|700|||||||\u00a0\u00bb header_text_align=\u00a0\u00bbcenter\u00a0\u00bb header_font_size=\u00a0\u00bb80px\u00a0\u00bb header_line_height=\u00a0\u00bb1.2em\u00a0\u00bb header_3_font=\u00a0\u00bbRoboto|700||on|||||\u00a0\u00bb header_3_text_align=\u00a0\u00bbcenter\u00a0\u00bb header_3_text_color=\u00a0\u00bb#ffffff\u00a0\u00bb header_3_font_size=\u00a0\u00bb20px\u00a0\u00bb header_3_letter_spacing=\u00a0\u00bb6px\u00a0\u00bb header_3_line_height=\u00a0\u00bb1.7em\u00a0\u00bb text_orientation=\u00a0\u00bbcenter\u00a0\u00bb background_layout=\u00a0\u00bbdark\u00a0\u00bb module_alignment=\u00a0\u00bbcenter\u00a0\u00bb custom_margin=\u00a0\u00bb||3px|||\u00a0\u00bb text_font_size_last_edited=\u00a0\u00bboff|desktop\u00a0\u00bb header_font_size_tablet=\u00a0\u00bb40px\u00a0\u00bb header_font_size_phone=\u00a0\u00bb32px\u00a0\u00bb header_font_size_last_edited=\u00a0\u00bbon|phone\u00a0\u00bb header_3_font_size_tablet=\u00a0\u00bb16px\u00a0\u00bb header_3_font_size_phone=\u00a0\u00bb14px\u00a0\u00bb header_3_font_size_last_edited=\u00a0\u00bbon|phone\u00a0\u00bb header_3_letter_spacing_tablet=\u00a0\u00bb5px\u00a0\u00bb header_3_letter_spacing_phone=\u00a0\u00bb\u00a0\u00bb header_3_letter_spacing_last_edited=\u00a0\u00bbon|tablet\u00a0\u00bb inline_fonts=\u00a0\u00bbDays One\u00a0\u00bb global_colors_info=\u00a0\u00bb{}\u00a0\u00bb]<\/p>\n<h1>Cas client<\/h1>\n<p>[\/et_pb_text][et_pb_image src=\u00a0\u00bbhttps:\/\/swawe.fr\/wp-content\/uploads\/2023\/02\/logo3.png\u00a0\u00bb alt=\u00a0\u00bbAdova Group\u00a0\u00bb title_text=\u00a0\u00bblogo3&Prime; align=\u00a0\u00bbcenter\u00a0\u00bb _builder_version=\u00a0\u00bb4.18.0&Prime; _module_preset=\u00a0\u00bbdefault\u00a0\u00bb width=\u00a0\u00bb50%\u00a0\u00bb global_colors_info=\u00a0\u00bb{}\u00a0\u00bb][\/et_pb_image][et_pb_text _builder_version=\u00a0\u00bb4.18.0&Prime; _module_preset=\u00a0\u00bbdefault\u00a0\u00bb text_font=\u00a0\u00bb||||||||\u00a0\u00bb text_text_color=\u00a0\u00bb#FFFFFF\u00a0\u00bb text_orientation=\u00a0\u00bbcenter\u00a0\u00bb inline_fonts=\u00a0\u00bbDays One\u00a0\u00bb global_colors_info=\u00a0\u00bb{}\u00a0\u00bb]<\/p>\n<h2><span style=\"color: #ffffff;\">Comment d\u00e9passer ses objectifs de s\u00e9curisation et mise en conformit\u00e9 SAP ?<\/span><\/h2>\n<p>[\/et_pb_text][\/et_pb_column][\/et_pb_row][\/et_pb_section][et_pb_section fb_built=\u00a0\u00bb1&Prime; _builder_version=\u00a0\u00bb4.18.0&Prime; background_enable_color=\u00a0\u00bboff\u00a0\u00bb module_alignment=\u00a0\u00bbcenter\u00a0\u00bb custom_padding=\u00a0\u00bb3px|0px|100px|0px||\u00a0\u00bb global_colors_info=\u00a0\u00bb{}\u00a0\u00bb][et_pb_row column_structure=\u00a0\u00bb2_5,3_5&Prime; use_custom_gutter=\u00a0\u00bbon\u00a0\u00bb gutter_width=\u00a0\u00bb2&Prime; _builder_version=\u00a0\u00bb4.16&Prime; max_width=\u00a0\u00bb1440px\u00a0\u00bb custom_padding=\u00a0\u00bb0px||0px||true\u00a0\u00bb use_custom_width=\u00a0\u00bbon\u00a0\u00bb custom_width_px=\u00a0\u00bb1440px\u00a0\u00bb global_colors_info=\u00a0\u00bb{}\u00a0\u00bb][et_pb_column type=\u00a0\u00bb2_5&Prime; _builder_version=\u00a0\u00bb4.18.0&Prime; _module_preset=\u00a0\u00bbdefault\u00a0\u00bb global_colors_info=\u00a0\u00bb{}\u00a0\u00bb][et_pb_text _builder_version=\u00a0\u00bb4.18.0&Prime; _module_preset=\u00a0\u00bbdefault\u00a0\u00bb background_color=\u00a0\u00bb#f7f7f7&Prime; custom_margin=\u00a0\u00bb20px|0px|20px|0px|true|true\u00a0\u00bb custom_padding=\u00a0\u00bb20px|20px|20px|20px|true|true\u00a0\u00bb border_radii=\u00a0\u00bbon|10px|10px|10px|10px\u00a0\u00bb border_width_left=\u00a0\u00bb10px\u00a0\u00bb border_color_left=\u00a0\u00bb#31ADE4&Prime; box_shadow_style=\u00a0\u00bbpreset2&Prime; box_shadow_horizontal=\u00a0\u00bb-2px\u00a0\u00bb global_colors_info=\u00a0\u00bb{}\u00a0\u00bb]<\/p>\n<h3><span class=\"summary-title\" style=\"color: #000000;\">Industrie<\/span><\/h3>\n<p><span style=\"color: #000000;\">Adova Group, fabricant fran\u00e7ais de literie haut de gamme, produit les matelas, sommiers et la d\u00e9coration des marques Tr\u00e9ca\u00a9 et Simmons\u00a9.<span class=\"summary-title\"><\/span><\/span><\/p>\n<p><span style=\"color: #000000;\"><\/span><\/p>\n<h3><span class=\"summary-title\" style=\"color: #000000;\">Taille de la soci\u00e9t\u00e9<\/span><\/h3>\n<p><span style=\"color: #000000;\">5 sites de production et 881 collaborateurs en France.<span class=\"summary-title\"><\/span><\/span><\/p>\n<p><span style=\"color: #000000;\"><\/span><\/p>\n<h3><span style=\"color: #000000;\">Pr\u00e9sence \u00e0 l&rsquo;international<\/span><\/h3>\n<p><span style=\"color: #000000;\">Allemagne, Royaume-Uni, Italie, Pologne, Tunisie, Roumanie, Espagne, Belgique, Pays-Bas, Luxembourg, Chine et Grand Export.<span class=\"summary-title\"><\/span><\/span><\/p>\n<p><span style=\"color: #000000;\"><\/span><\/p>\n<h3><span class=\"summary-title\" style=\"color: #000000;\">Cas d&rsquo;usage<\/span><\/h3>\n<p><span style=\"color: #000000;\">\u2705 SWAWE RISK<\/span><\/p>\n<p><span style=\"color: #000000;\">\u2705 SWAWE PAM<\/span><\/p>\n<p>&nbsp;<\/p>\n<h3><span style=\"color: #000000;\"><\/span><\/h3>\n<h3><span style=\"color: #000000;\">Principaux enjeux<\/span><\/h3>\n<ul class=\"cross\">\n<li><span style=\"color: #000000;\">Nombre d&rsquo;utilisateurs SAP avec droits \u00e9tendus trop \u00e9lev\u00e9\u00a0<\/span><\/li>\n<li><span style=\"color: #000000;\">Risque de fraude \u00e9lev\u00e9\u00a0<\/span><\/li>\n<\/ul>\n<p><span style=\"color: #000000;\"><\/span><\/p>\n<h3><span style=\"color: #000000;\">A propos de Adova Group<\/span><\/h3>\n<p><span style=\"color: #000000;\">Cr\u00e9\u00e9 en 2016, Adova Group, fabricant fran\u00e7ais de literie haut de gamme, produit les matelas, sommiers et la d\u00e9coration des marques Tr\u00e9ca\u00a9 et Simmons\u00a9. <\/span><\/p>\n<p><span style=\"color: #000000;\">Le groupe emploie plus de 800 personnes sur 5 sites de production, ancr\u00e9s dans leurs territoires r\u00e9gionaux. Il dispose d\u2019un rayonnement international avec une pr\u00e9sence dans une dizaine de pays et r\u00e9alise un chiffre d\u2019affaires de 160 millions d\u2019euros en 2021. <\/span><\/p>\n<p><span style=\"color: #000000;\">Engag\u00e9 dans une d\u00e9marche RSE ambitieuse \u00e0 travers son programme Ressources, Adova Group, s\u2019appuie sur son expertise et ses savoir-faire artisanaux pour proposer \u00e0 travers le monde, des solutions et des innovations respectueuses de l\u2019environnement et adapt\u00e9es aux besoins de chaque dormeur<\/span><span style=\"color: #000000;\"><\/span><span style=\"color: #000000;\">.<\/span><\/p>\n<p>[\/et_pb_text][et_pb_button button_text=\u00a0\u00bbDemande de d\u00e9mo\u00a0\u00bb button_alignment=\u00a0\u00bbcenter\u00a0\u00bb _builder_version=\u00a0\u00bb4.18.0&Prime; custom_button=\u00a0\u00bbon\u00a0\u00bb button_text_size=\u00a0\u00bb14px\u00a0\u00bb button_text_color=\u00a0\u00bb#FFFFFF\u00a0\u00bb button_bg_use_color_gradient=\u00a0\u00bbon\u00a0\u00bb button_bg_color_gradient_direction=\u00a0\u00bb90deg\u00a0\u00bb button_bg_color_gradient_stops=\u00a0\u00bb#004899 0%|#33ace3 100%\u00a0\u00bb button_bg_color_gradient_start=\u00a0\u00bb#f7828e\u00a0\u00bb button_bg_color_gradient_end=\u00a0\u00bb#fcb6ab\u00a0\u00bb button_border_width=\u00a0\u00bb0px\u00a0\u00bb button_border_color=\u00a0\u00bbrgba(0,0,0,0)\u00a0\u00bb button_border_radius=\u00a0\u00bb4px\u00a0\u00bb button_letter_spacing=\u00a0\u00bb5px\u00a0\u00bb button_font=\u00a0\u00bbRoboto|700||on|||||\u00a0\u00bb background_layout=\u00a0\u00bbdark\u00a0\u00bb custom_margin=\u00a0\u00bb40px|20px|||false|false\u00a0\u00bb custom_padding=\u00a0\u00bb12px|34px|12px|34px|true|true\u00a0\u00bb button_letter_spacing_hover=\u00a0\u00bb5.5px\u00a0\u00bb global_colors_info=\u00a0\u00bb{}\u00a0\u00bb button_text_size__hover_enabled=\u00a0\u00bboff\u00a0\u00bb button_one_text_size__hover_enabled=\u00a0\u00bboff\u00a0\u00bb button_two_text_size__hover_enabled=\u00a0\u00bboff\u00a0\u00bb button_text_color__hover_enabled=\u00a0\u00bboff\u00a0\u00bb button_one_text_color__hover_enabled=\u00a0\u00bboff\u00a0\u00bb button_two_text_color__hover_enabled=\u00a0\u00bboff\u00a0\u00bb button_border_width__hover_enabled=\u00a0\u00bboff\u00a0\u00bb button_one_border_width__hover_enabled=\u00a0\u00bboff\u00a0\u00bb button_two_border_width__hover_enabled=\u00a0\u00bboff\u00a0\u00bb button_border_color__hover_enabled=\u00a0\u00bboff\u00a0\u00bb button_one_border_color__hover_enabled=\u00a0\u00bboff\u00a0\u00bb button_two_border_color__hover_enabled=\u00a0\u00bboff\u00a0\u00bb button_border_radius__hover_enabled=\u00a0\u00bboff\u00a0\u00bb button_one_border_radius__hover_enabled=\u00a0\u00bboff\u00a0\u00bb button_two_border_radius__hover_enabled=\u00a0\u00bboff\u00a0\u00bb button_letter_spacing__hover_enabled=\u00a0\u00bbon\u00a0\u00bb button_letter_spacing__hover=\u00a0\u00bb5.5px\u00a0\u00bb button_one_letter_spacing__hover_enabled=\u00a0\u00bboff\u00a0\u00bb button_two_letter_spacing__hover_enabled=\u00a0\u00bboff\u00a0\u00bb button_bg_color__hover_enabled=\u00a0\u00bboff\u00a0\u00bb button_one_bg_color__hover_enabled=\u00a0\u00bboff\u00a0\u00bb button_two_bg_color__hover_enabled=\u00a0\u00bboff\u00a0\u00bb][\/et_pb_button][\/et_pb_column][et_pb_column type=\u00a0\u00bb3_5&Prime; _builder_version=\u00a0\u00bb4.18.0&Prime; _module_preset=\u00a0\u00bbdefault\u00a0\u00bb global_colors_info=\u00a0\u00bb{}\u00a0\u00bb][et_pb_text _builder_version=\u00a0\u00bb4.18.0&Prime; text_font=\u00a0\u00bb||||||||\u00a0\u00bb text_text_color=\u00a0\u00bb#0B0D1D\u00a0\u00bb text_font_size=\u00a0\u00bb16px\u00a0\u00bb text_line_height=\u00a0\u00bb2em\u00a0\u00bb ul_font=\u00a0\u00bb||||||||\u00a0\u00bb header_font=\u00a0\u00bb||||||||\u00a0\u00bb header_2_font=\u00a0\u00bbRoboto|700|||||||\u00a0\u00bb header_2_text_color=\u00a0\u00bb#004899&Prime; header_2_font_size=\u00a0\u00bb45px\u00a0\u00bb header_2_line_height=\u00a0\u00bb1.2em\u00a0\u00bb header_3_font=\u00a0\u00bb||||||||\u00a0\u00bb header_3_text_color=\u00a0\u00bb#31ade4&Prime; max_width=\u00a0\u00bb800px\u00a0\u00bb max_width_last_edited=\u00a0\u00bboff|desktop\u00a0\u00bb module_alignment=\u00a0\u00bbcenter\u00a0\u00bb custom_margin=\u00a0\u00bb|||\u00a0\u00bb custom_padding=\u00a0\u00bb|||\u00a0\u00bb header_2_font_size_tablet=\u00a0\u00bb35px\u00a0\u00bb header_2_font_size_phone=\u00a0\u00bb28px\u00a0\u00bb header_2_font_size_last_edited=\u00a0\u00bbon|desktop\u00a0\u00bb global_colors_info=\u00a0\u00bb{}\u00a0\u00bb]<\/p>\n<h3 class=\"t-h1 u-uppercase u-relative u-force-3d u-overflow-h\"><span style=\"color: #000000;\"><em><span class=\"c-intro-letter c-intro-letter-0\"><span class=\"c-intro-letter__mask\">\u00ab\u00a0Bien dormir pour mieux vivre\u00a0\u00bb<\/span><\/span><\/em><\/span><span style=\"color: #33ace3;\"><\/span><span style=\"color: #33ace3;\"><\/span><\/h3>\n<p><em><span class=\"c-intro-letter c-intro-letter-0\"><span class=\"c-intro-letter__mask\"><\/span><\/span><\/em><\/p>\n<h3 class=\"t-h1 u-uppercase u-relative u-force-3d u-overflow-h\"><span style=\"color: #33ace3;\">Challenges<\/span><\/h3>\n<p><span style=\"color: #000000;\">ADOVA Group a d\u00e9cid\u00e9 en 2020 d\u2019entreprendre une d\u00e9marche d\u2019optimisation de la gestion des droits SAP \u00e0 la suite d&rsquo;un audit qui a r\u00e9v\u00e9l\u00e9 des points d&rsquo;am\u00e9lioration li\u00e9s aux droits des utilisateurs.\u00a0<\/span><\/p>\n<h3><span style=\"color: #33ace3;\"><\/span><\/h3>\n<h3><span style=\"color: #33ace3;\">Solution propos\u00e9e par SWAWE<\/span><\/h3>\n<p>La proposition d\u2019utilisation de la solution SWAWE lors de la phase d\u2019audit a \u00e9t\u00e9 retenue et a permis \u00e0 l\u2019\u00e9quipe d\u2019automatiser les analyses de risques pour \u00e9valuer notamment la conformit\u00e9 avec les principes de s\u00e9paration des t\u00e2ches (SoD).<\/p>\n<p><img loading=\"lazy\" decoding=\"async\" src=\"https:\/\/swawe.fr\/wp-content\/uploads\/2022\/12\/Adova-group-cas-client.png\" width=\"724\" height=\"482\" alt=\"Adova group cas client\" class=\"wp-image-1061 aligncenter size-full\" srcset=\"https:\/\/swawe.fr\/wp-content\/uploads\/2022\/12\/Adova-group-cas-client.png 724w, https:\/\/swawe.fr\/wp-content\/uploads\/2022\/12\/Adova-group-cas-client-480x320.png 480w\" sizes=\"(min-width: 0px) and (max-width: 480px) 480px, (min-width: 481px) 724px, 100vw\" \/><\/p>\n<h3><span style=\"color: #33ace3;\"><\/span><\/h3>\n<blockquote>\n<p><em><span style=\"color: #000000;\">\u00ab\u00a0<\/span>L&rsquo;implantation de SWAWE a consid\u00e9rablement renforc\u00e9 notre gestion de la s\u00e9curit\u00e9 SAP et notre prise en compte des risques SOD pour nos 280 utilisateurs. La mise en place des \u00ab\u00a0SUPER-USERS\u00a0\u00bb avec des processus de validation pour les employ\u00e9s de la DSI, nous permet d&rsquo;attribuer des autorisations de mani\u00e8re judicieuse. Les rapports personnalis\u00e9s r\u00e9pondent \u00e0 nos besoins et nous permettent de suivre notre niveau de risques SOD pour tous les utilisateurs de SAP.<span style=\"color: #000000;\">\u00ab\u00a0<\/span><\/em><\/p>\n<p><span style=\"color: #31ade4;\"><em>St\u00e9phanie RAHIER, <\/em><\/span><\/p>\n<p><span style=\"color: #31ade4;\"><em>DSI Groupe &#8211; ADOVA<\/em><\/span><\/p>\n<\/blockquote>\n<p><span style=\"color: #33ace3;\"><\/span><\/p>\n<h3><span style=\"color: #33ace3;\">R\u00e9sultats<\/span><\/h3>\n<p>ADOVA Group a maintenant fiabilis\u00e9 la gestion des autorisations SAP apr\u00e8s une refonte des r\u00f4les et continue d\u2019am\u00e9liorer la s\u00e9curit\u00e9 en d\u00e9ployant progressivement les modules de SWAWE.<\/p>\n<p>Le module de gestion des risques a notamment permis de r\u00e9duire consid\u00e9rablement les conflits de s\u00e9paration des t\u00e2ches et les droits de la DSI sont maintenant sous contr\u00f4le avec le module Privilege Access Management.<\/p>\n<p>Le module CCM couvrira prochainement les revues p\u00e9riodiques ITGC.<\/p>\n<p>ADOVA Group envisage d\u2019\u00e9tendre son utilisation de SWAWE notamment pour automatiser et s\u00e9curiser la gestion des utilisateurs SAP =&gt; Ce qui repr\u00e9senterait un retour sur investissement certain.<\/p>\n<p>&nbsp;<\/p>\n<h3><span style=\"color: #33ace3;\">Chiffres clefs<\/span><\/h3>\n<ul>\n<li><span style=\"color: #000000;\">452 sessions PAM<\/span><\/li>\n<li><span style=\"color: #000000;\">465 utilisateurs sous contr\u00f4le<\/span><\/li>\n<li><span style=\"color: #000000;\">2000+ r\u00f4les sous contr\u00f4le<\/span><\/li>\n<li><span style=\"color: #000000;\">87% de r\u00e9duction des risques SOD<\/span><\/li>\n<\/ul>\n<p>[\/et_pb_text][\/et_pb_column][\/et_pb_row][\/et_pb_section]<\/p>\n","protected":false},"excerpt":{"rendered":"<p>Cas clientComment d\u00e9passer ses objectifs de s\u00e9curisation et mise en conformit\u00e9 SAP ?Industrie Adova Group, fabricant fran\u00e7ais de literie haut de gamme, produit les matelas, sommiers et la d\u00e9coration des marques Tr\u00e9ca\u00a9 et Simmons\u00a9. Taille de la soci\u00e9t\u00e9 5 sites de production et 881 collaborateurs en France. Pr\u00e9sence \u00e0 l&rsquo;international Allemagne, Royaume-Uni, Italie, Pologne, Tunisie, [&hellip;]<\/p>\n","protected":false},"author":5,"featured_media":0,"parent":0,"menu_order":0,"comment_status":"closed","ping_status":"closed","template":"","meta":{"_et_pb_use_builder":"on","_et_pb_old_content":"<!-- wp:divi\/placeholder \/-->","_et_gb_content_width":"","footnotes":""},"class_list":["post-1050","page","type-page","status-publish","hentry"],"yoast_head":"<!-- This site is optimized with the Yoast SEO plugin v27.4 - https:\/\/yoast.com\/product\/yoast-seo-wordpress\/ -->\n<title>Cas client ADOVA - Swawe<\/title>\n<meta name=\"robots\" content=\"index, follow, max-snippet:-1, max-image-preview:large, max-video-preview:-1\" \/>\n<link rel=\"canonical\" href=\"https:\/\/swawe.fr\/en\/cas-client-adova\/\" \/>\n<meta property=\"og:locale\" content=\"en_US\" \/>\n<meta property=\"og:type\" content=\"article\" \/>\n<meta property=\"og:title\" content=\"Cas client ADOVA - Swawe\" \/>\n<meta property=\"og:description\" content=\"Cas clientComment d\u00e9passer ses objectifs de s\u00e9curisation et mise en conformit\u00e9 SAP ?Industrie Adova Group, fabricant fran\u00e7ais de literie haut de gamme, produit les matelas, sommiers et la d\u00e9coration des marques Tr\u00e9ca\u00a9 et Simmons\u00a9. Taille de la soci\u00e9t\u00e9 5 sites de production et 881 collaborateurs en France. Pr\u00e9sence \u00e0 l&#039;international Allemagne, Royaume-Uni, Italie, Pologne, Tunisie, [&hellip;]\" \/>\n<meta property=\"og:url\" content=\"https:\/\/swawe.fr\/en\/cas-client-adova\/\" \/>\n<meta property=\"og:site_name\" content=\"Swawe\" \/>\n<meta property=\"article:modified_time\" content=\"2023-02-14T11:14:59+00:00\" \/>\n<meta property=\"og:image\" content=\"https:\/\/swawe.fr\/wp-content\/uploads\/2022\/12\/Adova-group-cas-client.png\" \/>\n<meta name=\"twitter:card\" content=\"summary_large_image\" \/>\n<meta name=\"twitter:label1\" content=\"Est. reading time\" \/>\n\t<meta name=\"twitter:data1\" content=\"7 minutes\" \/>\n<script type=\"application\/ld+json\" class=\"yoast-schema-graph\">{\"@context\":\"https:\\\/\\\/schema.org\",\"@graph\":[{\"@type\":\"WebPage\",\"@id\":\"https:\\\/\\\/swawe.fr\\\/cas-client-adova\\\/\",\"url\":\"https:\\\/\\\/swawe.fr\\\/cas-client-adova\\\/\",\"name\":\"Cas client ADOVA - Swawe\",\"isPartOf\":{\"@id\":\"https:\\\/\\\/swawe.fr\\\/#website\"},\"primaryImageOfPage\":{\"@id\":\"https:\\\/\\\/swawe.fr\\\/cas-client-adova\\\/#primaryimage\"},\"image\":{\"@id\":\"https:\\\/\\\/swawe.fr\\\/cas-client-adova\\\/#primaryimage\"},\"thumbnailUrl\":\"https:\\\/\\\/swawe.fr\\\/wp-content\\\/uploads\\\/2022\\\/12\\\/Adova-group-cas-client.png\",\"datePublished\":\"2022-12-13T09:57:14+00:00\",\"dateModified\":\"2023-02-14T11:14:59+00:00\",\"breadcrumb\":{\"@id\":\"https:\\\/\\\/swawe.fr\\\/cas-client-adova\\\/#breadcrumb\"},\"inLanguage\":\"en-US\",\"potentialAction\":[{\"@type\":\"ReadAction\",\"target\":[\"https:\\\/\\\/swawe.fr\\\/cas-client-adova\\\/\"]}]},{\"@type\":\"ImageObject\",\"inLanguage\":\"en-US\",\"@id\":\"https:\\\/\\\/swawe.fr\\\/cas-client-adova\\\/#primaryimage\",\"url\":\"https:\\\/\\\/swawe.fr\\\/wp-content\\\/uploads\\\/2022\\\/12\\\/Adova-group-cas-client.png\",\"contentUrl\":\"https:\\\/\\\/swawe.fr\\\/wp-content\\\/uploads\\\/2022\\\/12\\\/Adova-group-cas-client.png\"},{\"@type\":\"BreadcrumbList\",\"@id\":\"https:\\\/\\\/swawe.fr\\\/cas-client-adova\\\/#breadcrumb\",\"itemListElement\":[{\"@type\":\"ListItem\",\"position\":1,\"name\":\"Accueil\",\"item\":\"https:\\\/\\\/swawe.fr\\\/\"},{\"@type\":\"ListItem\",\"position\":2,\"name\":\"Cas client ADOVA\"}]},{\"@type\":\"WebSite\",\"@id\":\"https:\\\/\\\/swawe.fr\\\/#website\",\"url\":\"https:\\\/\\\/swawe.fr\\\/\",\"name\":\"Swawe\",\"description\":\"Your Compliance Companion\",\"potentialAction\":[{\"@type\":\"SearchAction\",\"target\":{\"@type\":\"EntryPoint\",\"urlTemplate\":\"https:\\\/\\\/swawe.fr\\\/?s={search_term_string}\"},\"query-input\":{\"@type\":\"PropertyValueSpecification\",\"valueRequired\":true,\"valueName\":\"search_term_string\"}}],\"inLanguage\":\"en-US\"}]}<\/script>\n<!-- \/ Yoast SEO plugin. -->","yoast_head_json":{"title":"Cas client ADOVA - Swawe","robots":{"index":"index","follow":"follow","max-snippet":"max-snippet:-1","max-image-preview":"max-image-preview:large","max-video-preview":"max-video-preview:-1"},"canonical":"https:\/\/swawe.fr\/en\/cas-client-adova\/","og_locale":"en_US","og_type":"article","og_title":"Cas client ADOVA - Swawe","og_description":"Cas clientComment d\u00e9passer ses objectifs de s\u00e9curisation et mise en conformit\u00e9 SAP ?Industrie Adova Group, fabricant fran\u00e7ais de literie haut de gamme, produit les matelas, sommiers et la d\u00e9coration des marques Tr\u00e9ca\u00a9 et Simmons\u00a9. Taille de la soci\u00e9t\u00e9 5 sites de production et 881 collaborateurs en France. Pr\u00e9sence \u00e0 l'international Allemagne, Royaume-Uni, Italie, Pologne, Tunisie, [&hellip;]","og_url":"https:\/\/swawe.fr\/en\/cas-client-adova\/","og_site_name":"Swawe","article_modified_time":"2023-02-14T11:14:59+00:00","og_image":[{"url":"https:\/\/swawe.fr\/wp-content\/uploads\/2022\/12\/Adova-group-cas-client.png","type":"","width":"","height":""}],"twitter_card":"summary_large_image","twitter_misc":{"Est. reading time":"7 minutes"},"schema":{"@context":"https:\/\/schema.org","@graph":[{"@type":"WebPage","@id":"https:\/\/swawe.fr\/cas-client-adova\/","url":"https:\/\/swawe.fr\/cas-client-adova\/","name":"Cas client ADOVA - Swawe","isPartOf":{"@id":"https:\/\/swawe.fr\/#website"},"primaryImageOfPage":{"@id":"https:\/\/swawe.fr\/cas-client-adova\/#primaryimage"},"image":{"@id":"https:\/\/swawe.fr\/cas-client-adova\/#primaryimage"},"thumbnailUrl":"https:\/\/swawe.fr\/wp-content\/uploads\/2022\/12\/Adova-group-cas-client.png","datePublished":"2022-12-13T09:57:14+00:00","dateModified":"2023-02-14T11:14:59+00:00","breadcrumb":{"@id":"https:\/\/swawe.fr\/cas-client-adova\/#breadcrumb"},"inLanguage":"en-US","potentialAction":[{"@type":"ReadAction","target":["https:\/\/swawe.fr\/cas-client-adova\/"]}]},{"@type":"ImageObject","inLanguage":"en-US","@id":"https:\/\/swawe.fr\/cas-client-adova\/#primaryimage","url":"https:\/\/swawe.fr\/wp-content\/uploads\/2022\/12\/Adova-group-cas-client.png","contentUrl":"https:\/\/swawe.fr\/wp-content\/uploads\/2022\/12\/Adova-group-cas-client.png"},{"@type":"BreadcrumbList","@id":"https:\/\/swawe.fr\/cas-client-adova\/#breadcrumb","itemListElement":[{"@type":"ListItem","position":1,"name":"Accueil","item":"https:\/\/swawe.fr\/"},{"@type":"ListItem","position":2,"name":"Cas client ADOVA"}]},{"@type":"WebSite","@id":"https:\/\/swawe.fr\/#website","url":"https:\/\/swawe.fr\/","name":"Swawe","description":"Your Compliance Companion","potentialAction":[{"@type":"SearchAction","target":{"@type":"EntryPoint","urlTemplate":"https:\/\/swawe.fr\/?s={search_term_string}"},"query-input":{"@type":"PropertyValueSpecification","valueRequired":true,"valueName":"search_term_string"}}],"inLanguage":"en-US"}]}},"_links":{"self":[{"href":"https:\/\/swawe.fr\/en\/wp-json\/wp\/v2\/pages\/1050","targetHints":{"allow":["GET"]}}],"collection":[{"href":"https:\/\/swawe.fr\/en\/wp-json\/wp\/v2\/pages"}],"about":[{"href":"https:\/\/swawe.fr\/en\/wp-json\/wp\/v2\/types\/page"}],"author":[{"embeddable":true,"href":"https:\/\/swawe.fr\/en\/wp-json\/wp\/v2\/users\/5"}],"replies":[{"embeddable":true,"href":"https:\/\/swawe.fr\/en\/wp-json\/wp\/v2\/comments?post=1050"}],"version-history":[{"count":21,"href":"https:\/\/swawe.fr\/en\/wp-json\/wp\/v2\/pages\/1050\/revisions"}],"predecessor-version":[{"id":1437,"href":"https:\/\/swawe.fr\/en\/wp-json\/wp\/v2\/pages\/1050\/revisions\/1437"}],"wp:attachment":[{"href":"https:\/\/swawe.fr\/en\/wp-json\/wp\/v2\/media?parent=1050"}],"curies":[{"name":"wp","href":"https:\/\/api.w.org\/{rel}","templated":true}]}}